{"id":231,"date":"2024-02-09T11:18:33","date_gmt":"2024-02-09T10:18:33","guid":{"rendered":"https:\/\/www.kvety-maja.sk\/?page_id=231"},"modified":"2024-05-12T13:08:18","modified_gmt":"2024-05-12T11:08:18","slug":"kvetinarstvo-kvety-maja","status":"publish","type":"page","link":"https:\/\/www.kvety-maja.sk\/?page_id=231","title":{"rendered":"Kvetin\u00e1rstvo &#8211; Kvety Maja"},"content":{"rendered":"\n<div class=\"wp-block-group alignwide store-pics is-layout-constrained wp-container-core-group-is-layout-85268999 wp-block-group-is-layout-constrained\" style=\"margin-top:0px;margin-bottom:80px;padding-top:var(--wp--preset--spacing--20);padding-right:0;padding-bottom:var(--wp--preset--spacing--20);padding-left:0\">\n<div class=\"wp-block-columns is-layout-flex wp-container-core-columns-is-layout-b0bab6eb wp-block-columns-is-layout-flex\" style=\"margin-top:var(--wp--preset--spacing--40);margin-bottom:var(--wp--preset--spacing--40)\">\n<div class=\"wp-block-column is-layout-flow wp-block-column-is-layout-flow\" style=\"flex-basis:33.33%\">\n<figure class=\"wp-block-image size-large is-resized\"><img loading=\"lazy\" decoding=\"async\" width=\"768\" height=\"1024\" src=\"https:\/\/www.kvety-maja.sk\/wp-content\/uploads\/2024\/02\/IMG_20240115_105027-768x1024.jpg\" alt=\"\" class=\"wp-image-235\" style=\"aspect-ratio:1;object-fit:cover\" srcset=\"https:\/\/www.kvety-maja.sk\/wp-content\/uploads\/2024\/02\/IMG_20240115_105027-768x1024.jpg 768w, https:\/\/www.kvety-maja.sk\/wp-content\/uploads\/2024\/02\/IMG_20240115_105027-225x300.jpg 225w, https:\/\/www.kvety-maja.sk\/wp-content\/uploads\/2024\/02\/IMG_20240115_105027-1152x1536.jpg 1152w, https:\/\/www.kvety-maja.sk\/wp-content\/uploads\/2024\/02\/IMG_20240115_105027-1536x2048.jpg 1536w, https:\/\/www.kvety-maja.sk\/wp-content\/uploads\/2024\/02\/IMG_20240115_105027-600x800.jpg 600w, https:\/\/www.kvety-maja.sk\/wp-content\/uploads\/2024\/02\/IMG_20240115_105027-scaled.jpg 1920w\" sizes=\"auto, (max-width: 768px) 100vw, 768px\" \/><\/figure>\n<\/div>\n\n\n\n<div class=\"wp-block-column is-layout-flow wp-block-column-is-layout-flow\" style=\"flex-basis:33.33%\">\n<figure class=\"wp-block-image size-large is-resized\"><img loading=\"lazy\" decoding=\"async\" width=\"768\" height=\"1024\" src=\"https:\/\/www.kvety-maja.sk\/wp-content\/uploads\/2024\/02\/IMG_20240115_105047-768x1024.jpg\" alt=\"\" class=\"wp-image-234\" style=\"aspect-ratio:1;object-fit:cover\" srcset=\"https:\/\/www.kvety-maja.sk\/wp-content\/uploads\/2024\/02\/IMG_20240115_105047-768x1024.jpg 768w, https:\/\/www.kvety-maja.sk\/wp-content\/uploads\/2024\/02\/IMG_20240115_105047-225x300.jpg 225w, https:\/\/www.kvety-maja.sk\/wp-content\/uploads\/2024\/02\/IMG_20240115_105047-1152x1536.jpg 1152w, https:\/\/www.kvety-maja.sk\/wp-content\/uploads\/2024\/02\/IMG_20240115_105047-1536x2048.jpg 1536w, https:\/\/www.kvety-maja.sk\/wp-content\/uploads\/2024\/02\/IMG_20240115_105047-600x800.jpg 600w, https:\/\/www.kvety-maja.sk\/wp-content\/uploads\/2024\/02\/IMG_20240115_105047-scaled.jpg 1920w\" sizes=\"auto, (max-width: 768px) 100vw, 768px\" \/><\/figure>\n<\/div>\n\n\n\n<div class=\"wp-block-column is-layout-flow wp-block-column-is-layout-flow\" style=\"flex-basis:33.33%\">\n<figure class=\"wp-block-image size-large is-resized\"><img loading=\"lazy\" decoding=\"async\" width=\"768\" height=\"1024\" src=\"https:\/\/www.kvety-maja.sk\/wp-content\/uploads\/2024\/02\/IMG_20240115_105128-768x1024.jpg\" alt=\"\" class=\"wp-image-233\" style=\"aspect-ratio:1;object-fit:cover\" srcset=\"https:\/\/www.kvety-maja.sk\/wp-content\/uploads\/2024\/02\/IMG_20240115_105128-768x1024.jpg 768w, https:\/\/www.kvety-maja.sk\/wp-content\/uploads\/2024\/02\/IMG_20240115_105128-225x300.jpg 225w, https:\/\/www.kvety-maja.sk\/wp-content\/uploads\/2024\/02\/IMG_20240115_105128-1152x1536.jpg 1152w, https:\/\/www.kvety-maja.sk\/wp-content\/uploads\/2024\/02\/IMG_20240115_105128-1536x2048.jpg 1536w, https:\/\/www.kvety-maja.sk\/wp-content\/uploads\/2024\/02\/IMG_20240115_105128-600x800.jpg 600w, https:\/\/www.kvety-maja.sk\/wp-content\/uploads\/2024\/02\/IMG_20240115_105128-scaled.jpg 1920w\" sizes=\"auto, (max-width: 768px) 100vw, 768px\" \/><\/figure>\n<\/div>\n<\/div>\n<\/div>\n\n\n\n<div class=\"wp-block-columns alignwide about-blocks is-layout-flex wp-container-core-columns-is-layout-d2da2050 wp-block-columns-is-layout-flex\" style=\"margin-bottom:0\">\n<div class=\"wp-block-column has-text-color has-background has-link-color wp-elements-a602dd550ecdbb0838d72d30237f727e is-layout-flow wp-block-column-is-layout-flow\" style=\"color:#000000;background-color:#ffe97d;padding-top:2em;padding-right:2em;padding-bottom:2em;padding-left:2em\">\n<h2 class=\"wp-block-heading has-text-align-center\" id=\"single\" style=\"font-size:40px\"><strong><i class=\"fas fa-clock-rotate-left\"><\/i> Otv\u00e1racie hodiny<\/strong><\/h2>\n\n\n\n<figure class=\"wp-block-table is-style-regular\"><table><tbody><tr><td class=\"has-text-align-center\" data-align=\"center\">Pondelok  <\/td><td class=\"has-text-align-center\" data-align=\"center\">7:00 &#8211; 18:00<\/td><\/tr><tr><td class=\"has-text-align-center\" data-align=\"center\">Utorok       <\/td><td class=\"has-text-align-center\" data-align=\"center\">7:00 &#8211; 18:00<\/td><\/tr><tr><td class=\"has-text-align-center\" data-align=\"center\">Streda        <\/td><td class=\"has-text-align-center\" data-align=\"center\">7:00 &#8211; 18:00<\/td><\/tr><tr><td class=\"has-text-align-center\" data-align=\"center\">\u0160tvrtok       <\/td><td class=\"has-text-align-center\" data-align=\"center\">7:00 &#8211; 18:00<\/td><\/tr><tr><td class=\"has-text-align-center\" data-align=\"center\">Piatok        <\/td><td class=\"has-text-align-center\" data-align=\"center\">7:00 &#8211; 18:00<\/td><\/tr><tr><td class=\"has-text-align-center\" data-align=\"center\">Sobota      <\/td><td class=\"has-text-align-center\" data-align=\"center\">8:00 &#8211; 14:0<\/td><\/tr><tr><td class=\"has-text-align-center\" data-align=\"center\">Nedela      <\/td><td class=\"has-text-align-center\" data-align=\"center\">9:00 &#8211; 14:00<\/td><\/tr><\/tbody><\/table><\/figure>\n<\/div>\n\n\n\n<div class=\"wp-block-column has-text-color has-background has-link-color wp-elements-c0edbf5fa91549758732190eb715de72 is-layout-flow wp-block-column-is-layout-flow\" style=\"color:#000000;background-color:#d1d1e1;padding-top:2em;padding-right:2em;padding-bottom:2em;padding-left:2em\">\n<h2 class=\"wp-block-heading has-text-align-center\" id=\"family\" style=\"font-size:40px\"><strong>N\u00e1jdete n\u00e1s<\/strong><\/h2>\n\n\n\n<p>\n<iframe src=\"https:\/\/www.google.com\/maps\/embed?pb=!1m18!1m12!1m3!1d5211.495129135424!2d18.740998719868085!3d49.2243143116008!2m3!1f0!2f0!3f0!3m2!1i1024!2i768!4f13.1!3m3!1m2!1s0x47145ea7a3413e89%3A0xfce5404352a21024!2sMAJA%20-%20M%C3%A1ria%20Plevkov%C3%A1%2C%20florist!5e0!3m2!1sen!2ssk!4v1707473148742!5m2!1sen!2ssk\" width=\"600\" height=\"450\" style=\"border:0;\" allowfullscreen=\"\" loading=\"lazy\" referrerpolicy=\"no-referrer-when-downgrade\"><\/iframe>\n<\/p>\n\n\n\n<p class=\"has-normal-font-size\" style=\"line-height:1.5\"><\/p>\n<\/div>\n<\/div>\n\n\n\n<h2 class=\"wp-block-heading\">Kontakty<\/h2>\n\n\n\n<ul class=\"wp-block-list\">\n<li>Telef\u00f3nne \u010d\u00edslo na predaj\u0148u: 041\/5622019<\/li>\n\n\n\n<li>e-mailov\u00e1 adresa: kvetyplevkova@gmail.com <\/li>\n<\/ul>\n","protected":false},"excerpt":{"rendered":"<p>Otv\u00e1racie hodiny Pondelok 7:00 &#8211; 18:00 Utorok 7:00 &#8211; 18:00 Streda 7:00 &#8211; 18:00 \u0160tvrtok 7:00 &#8211; 18:00 Piatok 7:00 [&hellip;]<\/p>\n","protected":false},"author":1,"featured_media":0,"parent":0,"menu_order":0,"comment_status":"closed","ping_status":"closed","template":"","meta":{"ub_ctt_via":"","site-sidebar-layout":"default","site-content-layout":"","ast-site-content-layout":"","site-content-style":"default","site-sidebar-style":"default","ast-global-header-display":"","ast-banner-title-visibility":"","ast-main-header-display":"","ast-hfb-above-header-display":"","ast-hfb-below-header-display":"","ast-hfb-mobile-header-display":"","site-post-title":"","ast-breadcrumbs-content":"","ast-featured-img":"","footer-sml-layout":"","theme-transparent-header-meta":"","adv-header-id-meta":"","stick-header-meta":"","header-above-stick-meta":"","header-main-stick-meta":"","header-below-stick-meta":"","astra-migrate-meta-layouts":"default","ast-page-background-enabled":"default","ast-page-background-meta":{"desktop":{"background-color":"var(--ast-global-color-4)","background-image":"","background-repeat":"repeat","background-position":"center center","background-size":"auto","background-attachment":"scroll","background-type":"","background-media":"","overlay-type":"","overlay-color":"","overlay-gradient":""},"tablet":{"background-color":"","background-image":"","background-repeat":"repeat","background-position":"center center","background-size":"auto","background-attachment":"scroll","background-type":"","background-media":"","overlay-type":"","overlay-color":"","overlay-gradient":""},"mobile":{"background-color":"","background-image":"","background-repeat":"repeat","background-position":"center center","background-size":"auto","background-attachment":"scroll","background-type":"","background-media":"","overlay-type":"","overlay-color":"","overlay-gradient":""}},"ast-content-background-meta":{"desktop":{"background-color":"var(--ast-global-color-5)","background-image":"","background-repeat":"repeat","background-position":"center center","background-size":"auto","background-attachment":"scroll","background-type":"","background-media":"","overlay-type":"","overlay-color":"","overlay-gradient":""},"tablet":{"background-color":"var(--ast-global-color-5)","background-image":"","background-repeat":"repeat","background-position":"center center","background-size":"auto","background-attachment":"scroll","background-type":"","background-media":"","overlay-type":"","overlay-color":"","overlay-gradient":""},"mobile":{"background-color":"var(--ast-global-color-5)","background-image":"","background-repeat":"repeat","background-position":"center center","background-size":"auto","background-attachment":"scroll","background-type":"","background-media":"","overlay-type":"","overlay-color":"","overlay-gradient":""}},"footnotes":""},"class_list":["post-231","page","type-page","status-publish","hentry"],"aioseo_notices":[],"featured_image_src":null,"_links":{"self":[{"href":"https:\/\/www.kvety-maja.sk\/index.php?rest_route=\/wp\/v2\/pages\/231","targetHints":{"allow":["GET"]}}],"collection":[{"href":"https:\/\/www.kvety-maja.sk\/index.php?rest_route=\/wp\/v2\/pages"}],"about":[{"href":"https:\/\/www.kvety-maja.sk\/index.php?rest_route=\/wp\/v2\/types\/page"}],"author":[{"embeddable":true,"href":"https:\/\/www.kvety-maja.sk\/index.php?rest_route=\/wp\/v2\/users\/1"}],"replies":[{"embeddable":true,"href":"https:\/\/www.kvety-maja.sk\/index.php?rest_route=%2Fwp%2Fv2%2Fcomments&post=231"}],"version-history":[{"count":24,"href":"https:\/\/www.kvety-maja.sk\/index.php?rest_route=\/wp\/v2\/pages\/231\/revisions"}],"predecessor-version":[{"id":382,"href":"https:\/\/www.kvety-maja.sk\/index.php?rest_route=\/wp\/v2\/pages\/231\/revisions\/382"}],"wp:attachment":[{"href":"https:\/\/www.kvety-maja.sk\/index.php?rest_route=%2Fwp%2Fv2%2Fmedia&parent=231"}],"curies":[{"name":"wp","href":"https:\/\/api.w.org\/{rel}","templated":true}]}}