{"id":185,"date":"2024-02-05T15:06:08","date_gmt":"2024-02-05T14:06:08","guid":{"rendered":"https:\/\/www.kvety-maja.sk\/?post_type=product&#038;p=185"},"modified":"2024-02-05T15:06:08","modified_gmt":"2024-02-05T14:06:08","slug":"smutocny-veniec-emil","status":"publish","type":"product","link":"https:\/\/www.kvety-maja.sk\/?product=smutocny-veniec-emil","title":{"rendered":"sm\u00fato\u010dn\u00fd veniec Emil"},"content":{"rendered":"<p>Elegantn\u00fd sm\u00fato\u010dn\u00fd veniec zo \u017eiv\u00fdch kvetov. Je vytvoren\u00fd s hlbok\u00fdm c\u00edten\u00edm a re\u0161pektom, aby d\u00f4stojne reprezentoval va\u0161e posledn\u00e9 rozl\u00fa\u010dky.<\/p>\n","protected":false},"excerpt":{"rendered":"[caption id=\"attachment_186\" align=\"alignnone\" width=\"225\"]<img loading=\"lazy\" decoding=\"async\" class=\"size-medium wp-image-186\" src=\"https:\/\/www.kvety-maja.sk\/wp-content\/uploads\/2024\/02\/veniec-225x300.jpg\" alt=\"\" width=\"225\" height=\"300\" srcset=\"https:\/\/www.kvety-maja.sk\/wp-content\/uploads\/2024\/02\/veniec-225x300.jpg 225w, https:\/\/www.kvety-maja.sk\/wp-content\/uploads\/2024\/02\/veniec-768x1024.jpg 768w, https:\/\/www.kvety-maja.sk\/wp-content\/uploads\/2024\/02\/veniec-1152x1536.jpg 1152w, https:\/\/www.kvety-maja.sk\/wp-content\/uploads\/2024\/02\/veniec-1536x2048.jpg 1536w, https:\/\/www.kvety-maja.sk\/wp-content\/uploads\/2024\/02\/veniec-600x800.jpg 600w, https:\/\/www.kvety-maja.sk\/wp-content\/uploads\/2024\/02\/veniec-scaled.jpg 1920w\" sizes=\"auto, (max-width: 225px) 100vw, 225px\" \/>Zlo\u017eeneie: 10 ks ru\u017e\u00ed,10 ks chryzant\u00e9m doplnen\u00fd zele\u0148ou. sm\u00fato\u010dn\u00fd veniec[\/caption]\n","protected":false},"featured_media":186,"comment_status":"open","ping_status":"closed","template":"","meta":{"ub_ctt_via":"","site-sidebar-layout":"default","site-content-layout":"","ast-site-content-layout":"default","site-content-style":"default","site-sidebar-style":"default","ast-global-header-display":"","ast-banner-title-visibility":"","ast-main-header-display":"","ast-hfb-above-header-display":"","ast-hfb-below-header-display":"","ast-hfb-mobile-header-display":"","site-post-title":"","ast-breadcrumbs-content":"","ast-featured-img":"","footer-sml-layout":"","theme-transparent-header-meta":"default","adv-header-id-meta":"","stick-header-meta":"","header-above-stick-meta":"","header-main-stick-meta":"","header-below-stick-meta":"","astra-migrate-meta-layouts":"set","ast-page-background-enabled":"default","ast-page-background-meta":{"desktop":{"background-color":"var(--ast-global-color-4)","background-image":"","background-repeat":"repeat","background-position":"center center","background-size":"auto","background-attachment":"scroll","background-type":"","background-media":"","overlay-type":"","overlay-color":"","overlay-gradient":""},"tablet":{"background-color":"","background-image":"","background-repeat":"repeat","background-position":"center center","background-size":"auto","background-attachment":"scroll","background-type":"","background-media":"","overlay-type":"","overlay-color":"","overlay-gradient":""},"mobile":{"background-color":"","background-image":"","background-repeat":"repeat","background-position":"center center","background-size":"auto","background-attachment":"scroll","background-type":"","background-media":"","overlay-type":"","overlay-color":"","overlay-gradient":""}},"ast-content-background-meta":{"desktop":{"background-color":"var(--ast-global-color-5)","background-image":"","background-repeat":"repeat","background-position":"center center","background-size":"auto","background-attachment":"scroll","background-type":"","background-media":"","overlay-type":"","overlay-color":"","overlay-gradient":""},"tablet":{"background-color":"var(--ast-global-color-5)","background-image":"","background-repeat":"repeat","background-position":"center center","background-size":"auto","background-attachment":"scroll","background-type":"","background-media":"","overlay-type":"","overlay-color":"","overlay-gradient":""},"mobile":{"background-color":"var(--ast-global-color-5)","background-image":"","background-repeat":"repeat","background-position":"center center","background-size":"auto","background-attachment":"scroll","background-type":"","background-media":"","overlay-type":"","overlay-color":"","overlay-gradient":""}}},"product_cat":[19],"product_tag":[],"class_list":{"0":"post-185","1":"product","2":"type-product","3":"status-publish","4":"has-post-thumbnail","6":"product_cat-smutocne-kytice-a-vence","7":"desktop-align-left","8":"tablet-align-left","9":"mobile-align-left","11":"first","12":"instock","13":"shipping-taxable","14":"purchasable","15":"product-type-simple"},"aioseo_notices":[],"_links":{"self":[{"href":"https:\/\/www.kvety-maja.sk\/index.php?rest_route=\/wp\/v2\/product\/185","targetHints":{"allow":["GET"]}}],"collection":[{"href":"https:\/\/www.kvety-maja.sk\/index.php?rest_route=\/wp\/v2\/product"}],"about":[{"href":"https:\/\/www.kvety-maja.sk\/index.php?rest_route=\/wp\/v2\/types\/product"}],"replies":[{"embeddable":true,"href":"https:\/\/www.kvety-maja.sk\/index.php?rest_route=%2Fwp%2Fv2%2Fcomments&post=185"}],"wp:featuredmedia":[{"embeddable":true,"href":"https:\/\/www.kvety-maja.sk\/index.php?rest_route=\/wp\/v2\/media\/186"}],"wp:attachment":[{"href":"https:\/\/www.kvety-maja.sk\/index.php?rest_route=%2Fwp%2Fv2%2Fmedia&parent=185"}],"wp:term":[{"taxonomy":"product_cat","embeddable":true,"href":"https:\/\/www.kvety-maja.sk\/index.php?rest_route=%2Fwp%2Fv2%2Fproduct_cat&post=185"},{"taxonomy":"product_tag","embeddable":true,"href":"https:\/\/www.kvety-maja.sk\/index.php?rest_route=%2Fwp%2Fv2%2Fproduct_tag&post=185"}],"curies":[{"name":"wp","href":"https:\/\/api.w.org\/{rel}","templated":true}]}}