{"id":196,"date":"2024-02-06T16:15:49","date_gmt":"2024-02-06T15:15:49","guid":{"rendered":"https:\/\/www.kvety-maja.sk\/?post_type=product&#038;p=196"},"modified":"2026-03-22T23:21:13","modified_gmt":"2026-03-22T22:21:13","slug":"kytica-milada-2","status":"publish","type":"product","link":"https:\/\/www.kvety-maja.sk\/?product=kytica-milada-2","title":{"rendered":"Ru\u017ee pod\u013ea po\u010dtu"},"content":{"rendered":"<div class=\"Y3BBE\" data-sfc-cp=\"\" data-hveid=\"CAQQAA\" data-complete=\"true\" data-processed=\"true\">Ekv\u00e1dorsk\u00e9 ru\u017ee s\u00fa celosvetovo uzn\u00e1van\u00e9 pre svoju \u0161pi\u010dkov\u00fa kvalitu, ktor\u00e1 je v\u00fdsledkom pestovania v ide\u00e1lnych klimatick\u00fdch podmienkach vysok\u00fdch nadmorsk\u00fdch v\u00fd\u0161ok Ekv\u00e1doru.<\/div>\n<div data-sfc-cp=\"\" data-hveid=\"CAQQAA\" data-complete=\"true\" data-processed=\"true\"><mark class=\"HxTRcb\" data-complete=\"true\" data-sae=\"\">S\u00fa ob\u013e\u00faben\u00e9 pre svoje <strong class=\"Yjhzub\" data-complete=\"true\">ve\u013ek\u00e9 kvety, dlh\u00e9 stonky a v\u00fdnimo\u010dn\u00fa trvanlivos\u0165<\/strong>, ktor\u00e1 \u010dasto presahuje be\u017en\u00e9 odrody<\/mark>.<\/div>\n","protected":false},"excerpt":{"rendered":"<p>Cena je za 1 ks ru\u017ee . M\u00f4\u017eete si zvoli\u0165 farbu ru\u017e\u00ed.<\/p>\n<p>Ru\u017ee s\u00fa 70 cm vysok\u00e9.<\/p>\n<p>&nbsp;<\/p>\n","protected":false},"featured_media":197,"comment_status":"open","ping_status":"closed","template":"","meta":{"ub_ctt_via":"","site-sidebar-layout":"default","site-content-layout":"","ast-site-content-layout":"default","site-content-style":"default","site-sidebar-style":"default","ast-global-header-display":"","ast-banner-title-visibility":"","ast-main-header-display":"","ast-hfb-above-header-display":"","ast-hfb-below-header-display":"","ast-hfb-mobile-header-display":"","site-post-title":"","ast-breadcrumbs-content":"","ast-featured-img":"","footer-sml-layout":"","theme-transparent-header-meta":"default","adv-header-id-meta":"","stick-header-meta":"","header-above-stick-meta":"","header-main-stick-meta":"","header-below-stick-meta":"","astra-migrate-meta-layouts":"set","ast-page-background-enabled":"default","ast-page-background-meta":{"desktop":{"background-color":"var(--ast-global-color-4)","background-image":"","background-repeat":"repeat","background-position":"center center","background-size":"auto","background-attachment":"scroll","background-type":"","background-media":"","overlay-type":"","overlay-color":"","overlay-gradient":""},"tablet":{"background-color":"","background-image":"","background-repeat":"repeat","background-position":"center center","background-size":"auto","background-attachment":"scroll","background-type":"","background-media":"","overlay-type":"","overlay-color":"","overlay-gradient":""},"mobile":{"background-color":"","background-image":"","background-repeat":"repeat","background-position":"center center","background-size":"auto","background-attachment":"scroll","background-type":"","background-media":"","overlay-type":"","overlay-color":"","overlay-gradient":""}},"ast-content-background-meta":{"desktop":{"background-color":"var(--ast-global-color-5)","background-image":"","background-repeat":"repeat","background-position":"center center","background-size":"auto","background-attachment":"scroll","background-type":"","background-media":"","overlay-type":"","overlay-color":"","overlay-gradient":""},"tablet":{"background-color":"var(--ast-global-color-5)","background-image":"","background-repeat":"repeat","background-position":"center center","background-size":"auto","background-attachment":"scroll","background-type":"","background-media":"","overlay-type":"","overlay-color":"","overlay-gradient":""},"mobile":{"background-color":"var(--ast-global-color-5)","background-image":"","background-repeat":"repeat","background-position":"center center","background-size":"auto","background-attachment":"scroll","background-type":"","background-media":"","overlay-type":"","overlay-color":"","overlay-gradient":""}}},"product_cat":[18,17,19],"product_tag":[33],"class_list":{"0":"post-196","1":"product","2":"type-product","3":"status-publish","4":"has-post-thumbnail","6":"product_cat-gratulacne-kytice","7":"product_cat-sezonne-kytice","8":"product_cat-smutocne-kytice-a-vence","9":"product_tag-kytica-s-poctom-kvetov","10":"desktop-align-left","11":"tablet-align-left","12":"mobile-align-left","14":"first","15":"instock","16":"shipping-taxable","17":"purchasable","18":"product-type-simple"},"aioseo_notices":[],"_links":{"self":[{"href":"https:\/\/www.kvety-maja.sk\/index.php?rest_route=\/wp\/v2\/product\/196","targetHints":{"allow":["GET"]}}],"collection":[{"href":"https:\/\/www.kvety-maja.sk\/index.php?rest_route=\/wp\/v2\/product"}],"about":[{"href":"https:\/\/www.kvety-maja.sk\/index.php?rest_route=\/wp\/v2\/types\/product"}],"replies":[{"embeddable":true,"href":"https:\/\/www.kvety-maja.sk\/index.php?rest_route=%2Fwp%2Fv2%2Fcomments&post=196"}],"wp:featuredmedia":[{"embeddable":true,"href":"https:\/\/www.kvety-maja.sk\/index.php?rest_route=\/wp\/v2\/media\/197"}],"wp:attachment":[{"href":"https:\/\/www.kvety-maja.sk\/index.php?rest_route=%2Fwp%2Fv2%2Fmedia&parent=196"}],"wp:term":[{"taxonomy":"product_cat","embeddable":true,"href":"https:\/\/www.kvety-maja.sk\/index.php?rest_route=%2Fwp%2Fv2%2Fproduct_cat&post=196"},{"taxonomy":"product_tag","embeddable":true,"href":"https:\/\/www.kvety-maja.sk\/index.php?rest_route=%2Fwp%2Fv2%2Fproduct_tag&post=196"}],"curies":[{"name":"wp","href":"https:\/\/api.w.org\/{rel}","templated":true}]}}