{"id":285,"date":"2024-02-10T13:01:36","date_gmt":"2024-02-10T12:01:36","guid":{"rendered":"https:\/\/www.kvety-maja.sk\/?post_type=product&#038;p=285"},"modified":"2026-03-07T17:03:23","modified_gmt":"2026-03-07T16:03:23","slug":"srdiecko-ida","status":"publish","type":"product","link":"https:\/\/www.kvety-maja.sk\/?product=srdiecko-ida","title":{"rendered":"srdie\u010dko Ida"},"content":{"rendered":"<p>T\u00e1to stabilizovan\u00e1 pr\u00edrodn\u00e1 ru\u017ea sa vyzna\u010duje dlhou dobou \u017eivotnosti, uchov\u00e1va si prirodzen\u00fd svie\u017ei vzh\u013ead a\u017e 4 roky je kr\u00e1sne naaran\u017eovan\u00e1 v keramickom srdie\u010dku.<\/p>\n","protected":false},"excerpt":{"rendered":"<p><strong>UPOZORNENIE:<\/strong><\/p>\n<p>Stabilizovan\u00e9 rastliny s\u00fa pr\u00edrodn\u00e9ho p\u00f4vodu, preto sa m\u00f4\u017eu farby alebo ve\u013ekosti mierne l\u00ed\u0161i\u0165, a pokia\u013e chcete uchova\u0165 ich pr\u00edrodn\u00fd vzh\u013ead po mnoho rokov, je potrebn\u00e9 dodr\u017eiava\u0165 z\u00e1kladn\u00e9 pravidl\u00e1:<br \/>\n1.\u00a0Nesm\u00fa pr\u00eds\u0165 do kontaktu s vodou, tzn. nezalieva\u0165<br \/>\n2.\u00a0Neskladova\u0165 alebo neumiest\u0148ova\u0165 vo vlhkom prostred\u00ed<br \/>\n3.\u00a0Nevystavova\u0165 priamemu slne\u010dn\u00e9mu \u017eiareniu, v bl\u00edzkosti \u017eiaroviek a in\u00fdch zdrojov vysokej teploty (vy\u0165ahuje farby)<\/p>\n","protected":false},"featured_media":284,"comment_status":"open","ping_status":"closed","template":"","meta":{"ub_ctt_via":"","site-sidebar-layout":"default","site-content-layout":"","ast-site-content-layout":"default","site-content-style":"default","site-sidebar-style":"default","ast-global-header-display":"","ast-banner-title-visibility":"","ast-main-header-display":"","ast-hfb-above-header-display":"","ast-hfb-below-header-display":"","ast-hfb-mobile-header-display":"","site-post-title":"","ast-breadcrumbs-content":"","ast-featured-img":"","footer-sml-layout":"","theme-transparent-header-meta":"default","adv-header-id-meta":"","stick-header-meta":"","header-above-stick-meta":"","header-main-stick-meta":"","header-below-stick-meta":"","astra-migrate-meta-layouts":"set","ast-page-background-enabled":"default","ast-page-background-meta":{"desktop":{"background-color":"var(--ast-global-color-4)","background-image":"","background-repeat":"repeat","background-position":"center center","background-size":"auto","background-attachment":"scroll","background-type":"","background-media":"","overlay-type":"","overlay-color":"","overlay-gradient":""},"tablet":{"background-color":"","background-image":"","background-repeat":"repeat","background-position":"center center","background-size":"auto","background-attachment":"scroll","background-type":"","background-media":"","overlay-type":"","overlay-color":"","overlay-gradient":""},"mobile":{"background-color":"","background-image":"","background-repeat":"repeat","background-position":"center center","background-size":"auto","background-attachment":"scroll","background-type":"","background-media":"","overlay-type":"","overlay-color":"","overlay-gradient":""}},"ast-content-background-meta":{"desktop":{"background-color":"var(--ast-global-color-5)","background-image":"","background-repeat":"repeat","background-position":"center center","background-size":"auto","background-attachment":"scroll","background-type":"","background-media":"","overlay-type":"","overlay-color":"","overlay-gradient":""},"tablet":{"background-color":"var(--ast-global-color-5)","background-image":"","background-repeat":"repeat","background-position":"center center","background-size":"auto","background-attachment":"scroll","background-type":"","background-media":"","overlay-type":"","overlay-color":"","overlay-gradient":""},"mobile":{"background-color":"var(--ast-global-color-5)","background-image":"","background-repeat":"repeat","background-position":"center center","background-size":"auto","background-attachment":"scroll","background-type":"","background-media":"","overlay-type":"","overlay-color":"","overlay-gradient":""}}},"product_cat":[21,18],"product_tag":[],"class_list":{"0":"post-285","1":"product","2":"type-product","3":"status-publish","4":"has-post-thumbnail","6":"product_cat-doplnkovy-tovar","7":"product_cat-gratulacne-kytice","8":"desktop-align-left","9":"tablet-align-left","10":"mobile-align-left","12":"first","13":"instock","14":"shipping-taxable","15":"purchasable","16":"product-type-simple"},"aioseo_notices":[],"_links":{"self":[{"href":"https:\/\/www.kvety-maja.sk\/index.php?rest_route=\/wp\/v2\/product\/285","targetHints":{"allow":["GET"]}}],"collection":[{"href":"https:\/\/www.kvety-maja.sk\/index.php?rest_route=\/wp\/v2\/product"}],"about":[{"href":"https:\/\/www.kvety-maja.sk\/index.php?rest_route=\/wp\/v2\/types\/product"}],"replies":[{"embeddable":true,"href":"https:\/\/www.kvety-maja.sk\/index.php?rest_route=%2Fwp%2Fv2%2Fcomments&post=285"}],"wp:featuredmedia":[{"embeddable":true,"href":"https:\/\/www.kvety-maja.sk\/index.php?rest_route=\/wp\/v2\/media\/284"}],"wp:attachment":[{"href":"https:\/\/www.kvety-maja.sk\/index.php?rest_route=%2Fwp%2Fv2%2Fmedia&parent=285"}],"wp:term":[{"taxonomy":"product_cat","embeddable":true,"href":"https:\/\/www.kvety-maja.sk\/index.php?rest_route=%2Fwp%2Fv2%2Fproduct_cat&post=285"},{"taxonomy":"product_tag","embeddable":true,"href":"https:\/\/www.kvety-maja.sk\/index.php?rest_route=%2Fwp%2Fv2%2Fproduct_tag&post=285"}],"curies":[{"name":"wp","href":"https:\/\/api.w.org\/{rel}","templated":true}]}}