{"id":386,"date":"2024-05-14T08:35:12","date_gmt":"2024-05-14T06:35:12","guid":{"rendered":"https:\/\/www.kvety-maja.sk\/?post_type=product&#038;p=386"},"modified":"2026-04-18T15:17:56","modified_gmt":"2026-04-18T13:17:56","slug":"danica","status":"publish","type":"product","link":"https:\/\/www.kvety-maja.sk\/?product=danica","title":{"rendered":"Danica"},"content":{"rendered":"<p>Kr\u00e1sna kytica, ktor\u00e1 urob\u00ed rados\u0165 v\u017edy, ke\u010f je to potrebn\u00e9, m\u00f4\u017eete vyjadri\u0165 svoju l\u00e1sku a \u00factu osobe, ktor\u00e1 V\u00e1m je bl\u00edzka<\/p>\n<p>&nbsp;<\/p>\n<p>Kytice, ktor\u00e9 m\u00e1me na na\u0161ej str\u00e1nke sa m\u00f4\u017eu trochu l\u00ed\u0161i\u0165 od dodan\u00fdch, preto\u017ee m\u00f4\u017ee nasta\u0165 pr\u00edpad, \u017ee nie je k dispoz\u00edcii potrebn\u00fd kvet. V\u017edy je v\u0161ak zachovan\u00fd po\u010det, farebn\u00e1 kombin\u00e1cia a hodnota objednanej kytice. Niektor\u00e9 kvety m\u00f4\u017eu by\u0165 nahraden\u00e9 in\u00fdmi vzh\u013eadom na dan\u00e9 ro\u010dn\u00e9 obdobie a aktu\u00e1lnu dostupnos\u0165.<\/p>\n","protected":false},"excerpt":{"rendered":"<p>Zlo\u017eenie:3 chryzant\u00e9my, 3 gerbery ,2 \u00a0alstromerie ,1 lisiantus ,2 karafi\u00e1ty, 1 ru\u017ea doplnen\u00e9 zele\u0148ou.<\/p>\n<p>Niektor\u00e9 kvety m\u00f4\u017eu by\u0165 nahraden\u00e9 in\u00fdmi vzh\u013eadom na ro\u010dn\u00e9 obdobie, v\u017edy je v\u0161ak dodr\u017ean\u00fd po\u010det a cena produktu.<\/p>\n","protected":false},"featured_media":690,"comment_status":"open","ping_status":"closed","template":"","meta":{"ub_ctt_via":"","site-sidebar-layout":"default","site-content-layout":"","ast-site-content-layout":"default","site-content-style":"default","site-sidebar-style":"default","ast-global-header-display":"","ast-banner-title-visibility":"","ast-main-header-display":"","ast-hfb-above-header-display":"","ast-hfb-below-header-display":"","ast-hfb-mobile-header-display":"","site-post-title":"","ast-breadcrumbs-content":"","ast-featured-img":"","footer-sml-layout":"","theme-transparent-header-meta":"default","adv-header-id-meta":"","stick-header-meta":"","header-above-stick-meta":"","header-main-stick-meta":"","header-below-stick-meta":"","astra-migrate-meta-layouts":"set","ast-page-background-enabled":"default","ast-page-background-meta":{"desktop":{"background-color":"var(--ast-global-color-4)","background-image":"","background-repeat":"repeat","background-position":"center center","background-size":"auto","background-attachment":"scroll","background-type":"","background-media":"","overlay-type":"","overlay-color":"","overlay-gradient":""},"tablet":{"background-color":"","background-image":"","background-repeat":"repeat","background-position":"center center","background-size":"auto","background-attachment":"scroll","background-type":"","background-media":"","overlay-type":"","overlay-color":"","overlay-gradient":""},"mobile":{"background-color":"","background-image":"","background-repeat":"repeat","background-position":"center center","background-size":"auto","background-attachment":"scroll","background-type":"","background-media":"","overlay-type":"","overlay-color":"","overlay-gradient":""}},"ast-content-background-meta":{"desktop":{"background-color":"var(--ast-global-color-5)","background-image":"","background-repeat":"repeat","background-position":"center center","background-size":"auto","background-attachment":"scroll","background-type":"","background-media":"","overlay-type":"","overlay-color":"","overlay-gradient":""},"tablet":{"background-color":"var(--ast-global-color-5)","background-image":"","background-repeat":"repeat","background-position":"center center","background-size":"auto","background-attachment":"scroll","background-type":"","background-media":"","overlay-type":"","overlay-color":"","overlay-gradient":""},"mobile":{"background-color":"var(--ast-global-color-5)","background-image":"","background-repeat":"repeat","background-position":"center center","background-size":"auto","background-attachment":"scroll","background-type":"","background-media":"","overlay-type":"","overlay-color":"","overlay-gradient":""}}},"product_cat":[18],"product_tag":[],"class_list":{"0":"post-386","1":"product","2":"type-product","3":"status-publish","4":"has-post-thumbnail","6":"product_cat-gratulacne-kytice","7":"desktop-align-left","8":"tablet-align-left","9":"mobile-align-left","11":"first","12":"instock","13":"shipping-taxable","14":"purchasable","15":"product-type-simple"},"aioseo_notices":[],"_links":{"self":[{"href":"https:\/\/www.kvety-maja.sk\/index.php?rest_route=\/wp\/v2\/product\/386","targetHints":{"allow":["GET"]}}],"collection":[{"href":"https:\/\/www.kvety-maja.sk\/index.php?rest_route=\/wp\/v2\/product"}],"about":[{"href":"https:\/\/www.kvety-maja.sk\/index.php?rest_route=\/wp\/v2\/types\/product"}],"replies":[{"embeddable":true,"href":"https:\/\/www.kvety-maja.sk\/index.php?rest_route=%2Fwp%2Fv2%2Fcomments&post=386"}],"wp:featuredmedia":[{"embeddable":true,"href":"https:\/\/www.kvety-maja.sk\/index.php?rest_route=\/wp\/v2\/media\/690"}],"wp:attachment":[{"href":"https:\/\/www.kvety-maja.sk\/index.php?rest_route=%2Fwp%2Fv2%2Fmedia&parent=386"}],"wp:term":[{"taxonomy":"product_cat","embeddable":true,"href":"https:\/\/www.kvety-maja.sk\/index.php?rest_route=%2Fwp%2Fv2%2Fproduct_cat&post=386"},{"taxonomy":"product_tag","embeddable":true,"href":"https:\/\/www.kvety-maja.sk\/index.php?rest_route=%2Fwp%2Fv2%2Fproduct_tag&post=386"}],"curies":[{"name":"wp","href":"https:\/\/api.w.org\/{rel}","templated":true}]}}