{"id":405,"date":"2024-07-19T09:18:23","date_gmt":"2024-07-19T07:18:23","guid":{"rendered":"https:\/\/www.kvety-maja.sk\/?post_type=product&#038;p=405"},"modified":"2024-09-24T16:13:07","modified_gmt":"2024-09-24T14:13:07","slug":"veniec-daniel","status":"publish","type":"product","link":"https:\/\/www.kvety-maja.sk\/?product=veniec-daniel","title":{"rendered":"veniec Daniel"},"content":{"rendered":"<p>Tento sm\u00fato\u010dn\u00fd, \u017eiv\u00fd veniec je zlo\u017een\u00fd zo zelen\u00e9ho z\u00e1kladn\u00e9ho venca, ktor\u00fd je doplnen\u00fd , ru\u017eov\u00fdmi chryzant\u00e9mami ,ru\u017eov\u00fdmi \u013ealiami ru\u017eov\u00fdmi\u00a0 karafi\u00e1tmi. V pr\u00edpade, \u017ee budete chcie\u0165 do venca prida\u0165 stuhu s textom, nap\u00ed\u0161te n\u00e1m tento text do pozn\u00e1mky k objedn\u00e1vke.<\/p>\n<div class=\"aMcZzf\">\n<div class=\"cS4Vcb-pGL6qe-ysgGef\">\n<div class=\"Kq3PC\">Ka\u017ed\u00fd kus je ru\u010dne vyr\u00e1ban\u00fd origin\u00e1l, preto nemus\u00ed na 100% zodpoveda\u0165 fotke.<\/div>\n<\/div>\n<\/div>\n<div class=\"zZdD3d\"><\/div>\n","protected":false},"excerpt":{"rendered":"<p>Priemer venca je 60 cm.<\/p>\n<p>Zlo\u017eenie:<\/p>\n<p>zelen\u00fd \u010de\u010dinov\u00fd z\u00e1klad,6 ks \u013eali\u00ed, 20 ks r\u00f4znych chryzant\u00e9m,10 karafi\u00e1tov doplnen\u00e9 dekorat\u00edvnou zele\u0148ou.<\/p>\n","protected":false},"featured_media":406,"comment_status":"open","ping_status":"closed","template":"","meta":{"ub_ctt_via":"","site-sidebar-layout":"default","site-content-layout":"","ast-site-content-layout":"default","site-content-style":"default","site-sidebar-style":"default","ast-global-header-display":"","ast-banner-title-visibility":"","ast-main-header-display":"","ast-hfb-above-header-display":"","ast-hfb-below-header-display":"","ast-hfb-mobile-header-display":"","site-post-title":"","ast-breadcrumbs-content":"","ast-featured-img":"","footer-sml-layout":"","theme-transparent-header-meta":"default","adv-header-id-meta":"","stick-header-meta":"","header-above-stick-meta":"","header-main-stick-meta":"","header-below-stick-meta":"","astra-migrate-meta-layouts":"set","ast-page-background-enabled":"default","ast-page-background-meta":{"desktop":{"background-color":"var(--ast-global-color-4)","background-image":"","background-repeat":"repeat","background-position":"center center","background-size":"auto","background-attachment":"scroll","background-type":"","background-media":"","overlay-type":"","overlay-color":"","overlay-gradient":""},"tablet":{"background-color":"","background-image":"","background-repeat":"repeat","background-position":"center center","background-size":"auto","background-attachment":"scroll","background-type":"","background-media":"","overlay-type":"","overlay-color":"","overlay-gradient":""},"mobile":{"background-color":"","background-image":"","background-repeat":"repeat","background-position":"center center","background-size":"auto","background-attachment":"scroll","background-type":"","background-media":"","overlay-type":"","overlay-color":"","overlay-gradient":""}},"ast-content-background-meta":{"desktop":{"background-color":"var(--ast-global-color-5)","background-image":"","background-repeat":"repeat","background-position":"center center","background-size":"auto","background-attachment":"scroll","background-type":"","background-media":"","overlay-type":"","overlay-color":"","overlay-gradient":""},"tablet":{"background-color":"var(--ast-global-color-5)","background-image":"","background-repeat":"repeat","background-position":"center center","background-size":"auto","background-attachment":"scroll","background-type":"","background-media":"","overlay-type":"","overlay-color":"","overlay-gradient":""},"mobile":{"background-color":"var(--ast-global-color-5)","background-image":"","background-repeat":"repeat","background-position":"center center","background-size":"auto","background-attachment":"scroll","background-type":"","background-media":"","overlay-type":"","overlay-color":"","overlay-gradient":""}}},"product_cat":[19],"product_tag":[],"class_list":{"0":"post-405","1":"product","2":"type-product","3":"status-publish","4":"has-post-thumbnail","6":"product_cat-smutocne-kytice-a-vence","7":"desktop-align-left","8":"tablet-align-left","9":"mobile-align-left","11":"first","12":"instock","13":"shipping-taxable","14":"purchasable","15":"product-type-simple"},"aioseo_notices":[],"_links":{"self":[{"href":"https:\/\/www.kvety-maja.sk\/index.php?rest_route=\/wp\/v2\/product\/405","targetHints":{"allow":["GET"]}}],"collection":[{"href":"https:\/\/www.kvety-maja.sk\/index.php?rest_route=\/wp\/v2\/product"}],"about":[{"href":"https:\/\/www.kvety-maja.sk\/index.php?rest_route=\/wp\/v2\/types\/product"}],"replies":[{"embeddable":true,"href":"https:\/\/www.kvety-maja.sk\/index.php?rest_route=%2Fwp%2Fv2%2Fcomments&post=405"}],"wp:featuredmedia":[{"embeddable":true,"href":"https:\/\/www.kvety-maja.sk\/index.php?rest_route=\/wp\/v2\/media\/406"}],"wp:attachment":[{"href":"https:\/\/www.kvety-maja.sk\/index.php?rest_route=%2Fwp%2Fv2%2Fmedia&parent=405"}],"wp:term":[{"taxonomy":"product_cat","embeddable":true,"href":"https:\/\/www.kvety-maja.sk\/index.php?rest_route=%2Fwp%2Fv2%2Fproduct_cat&post=405"},{"taxonomy":"product_tag","embeddable":true,"href":"https:\/\/www.kvety-maja.sk\/index.php?rest_route=%2Fwp%2Fv2%2Fproduct_tag&post=405"}],"curies":[{"name":"wp","href":"https:\/\/api.w.org\/{rel}","templated":true}]}}