{"id":415,"date":"2024-09-18T14:03:14","date_gmt":"2024-09-18T12:03:14","guid":{"rendered":"https:\/\/www.kvety-maja.sk\/?post_type=product&#038;p=415"},"modified":"2024-09-18T14:03:14","modified_gmt":"2024-09-18T12:03:14","slug":"aranzman-krystof","status":"publish","type":"product","link":"https:\/\/www.kvety-maja.sk\/?product=aranzman-krystof","title":{"rendered":"aran\u017em\u00e1n Kry\u0161tof"},"content":{"rendered":"<p><img loading=\"lazy\" decoding=\"async\" class=\"alignnone size-medium wp-image-416\" src=\"https:\/\/www.kvety-maja.sk\/wp-content\/uploads\/2024\/09\/ikebana-221x300.jpg\" alt=\"\" width=\"221\" height=\"300\" srcset=\"https:\/\/www.kvety-maja.sk\/wp-content\/uploads\/2024\/09\/ikebana-221x300.jpg 221w, https:\/\/www.kvety-maja.sk\/wp-content\/uploads\/2024\/09\/ikebana-755x1024.jpg 755w, https:\/\/www.kvety-maja.sk\/wp-content\/uploads\/2024\/09\/ikebana-768x1042.jpg 768w, https:\/\/www.kvety-maja.sk\/wp-content\/uploads\/2024\/09\/ikebana-1132x1536.jpg 1132w, https:\/\/www.kvety-maja.sk\/wp-content\/uploads\/2024\/09\/ikebana-1510x2048.jpg 1510w, https:\/\/www.kvety-maja.sk\/wp-content\/uploads\/2024\/09\/ikebana-600x814.jpg 600w, https:\/\/www.kvety-maja.sk\/wp-content\/uploads\/2024\/09\/ikebana-scaled.jpg 1887w\" sizes=\"auto, (max-width: 221px) 100vw, 221px\" \/>Ve\u013ek\u00e1, luxusn\u00e1 dekor\u00e1cia zo \u017eiv\u00fdch kvetov. T\u00e1to ikebana je vhodn\u00e1 na spomienku, v elegantnej n\u00e1dobe je dekorovan\u00e1 kr\u00e1snymi losov\u00fdmi \u013ealiami.<\/p>\n<p>Kvety s\u00fa napichan\u00e9 v\u00a0 hmote ,ktor\u00e1 udr\u017euje va\u0161e kvety hydratovan\u00e9 a \u010derstv\u00e9.<\/p>\n<p>Ka\u017ed\u00fd kus je ru\u010dne vyr\u00e1ban\u00fd origin\u00e1l, preto nemus\u00ed na 100% zodpoveda\u0165 fotke.<\/p>\n","protected":false},"excerpt":{"rendered":"<p>zlo\u017eenie :chryzant\u00e9my 12 ks, gladiol 4 ks , \u013ealia orient\u00e1lna 3 ks doplnen\u00e9 gypsophilou a dekorat\u00edvnou zele\u0148ou.<\/p>\n","protected":false},"featured_media":416,"comment_status":"open","ping_status":"closed","template":"","meta":{"ub_ctt_via":"","site-sidebar-layout":"default","site-content-layout":"","ast-site-content-layout":"default","site-content-style":"default","site-sidebar-style":"default","ast-global-header-display":"","ast-banner-title-visibility":"","ast-main-header-display":"","ast-hfb-above-header-display":"","ast-hfb-below-header-display":"","ast-hfb-mobile-header-display":"","site-post-title":"","ast-breadcrumbs-content":"","ast-featured-img":"","footer-sml-layout":"","theme-transparent-header-meta":"default","adv-header-id-meta":"","stick-header-meta":"","header-above-stick-meta":"","header-main-stick-meta":"","header-below-stick-meta":"","astra-migrate-meta-layouts":"set","ast-page-background-enabled":"default","ast-page-background-meta":{"desktop":{"background-color":"var(--ast-global-color-4)","background-image":"","background-repeat":"repeat","background-position":"center center","background-size":"auto","background-attachment":"scroll","background-type":"","background-media":"","overlay-type":"","overlay-color":"","overlay-gradient":""},"tablet":{"background-color":"","background-image":"","background-repeat":"repeat","background-position":"center center","background-size":"auto","background-attachment":"scroll","background-type":"","background-media":"","overlay-type":"","overlay-color":"","overlay-gradient":""},"mobile":{"background-color":"","background-image":"","background-repeat":"repeat","background-position":"center center","background-size":"auto","background-attachment":"scroll","background-type":"","background-media":"","overlay-type":"","overlay-color":"","overlay-gradient":""}},"ast-content-background-meta":{"desktop":{"background-color":"var(--ast-global-color-5)","background-image":"","background-repeat":"repeat","background-position":"center center","background-size":"auto","background-attachment":"scroll","background-type":"","background-media":"","overlay-type":"","overlay-color":"","overlay-gradient":""},"tablet":{"background-color":"var(--ast-global-color-5)","background-image":"","background-repeat":"repeat","background-position":"center center","background-size":"auto","background-attachment":"scroll","background-type":"","background-media":"","overlay-type":"","overlay-color":"","overlay-gradient":""},"mobile":{"background-color":"var(--ast-global-color-5)","background-image":"","background-repeat":"repeat","background-position":"center center","background-size":"auto","background-attachment":"scroll","background-type":"","background-media":"","overlay-type":"","overlay-color":"","overlay-gradient":""}}},"product_cat":[19],"product_tag":[],"class_list":{"0":"post-415","1":"product","2":"type-product","3":"status-publish","4":"has-post-thumbnail","6":"product_cat-smutocne-kytice-a-vence","7":"desktop-align-left","8":"tablet-align-left","9":"mobile-align-left","11":"first","12":"instock","13":"shipping-taxable","14":"purchasable","15":"product-type-simple"},"aioseo_notices":[],"_links":{"self":[{"href":"https:\/\/www.kvety-maja.sk\/index.php?rest_route=\/wp\/v2\/product\/415","targetHints":{"allow":["GET"]}}],"collection":[{"href":"https:\/\/www.kvety-maja.sk\/index.php?rest_route=\/wp\/v2\/product"}],"about":[{"href":"https:\/\/www.kvety-maja.sk\/index.php?rest_route=\/wp\/v2\/types\/product"}],"replies":[{"embeddable":true,"href":"https:\/\/www.kvety-maja.sk\/index.php?rest_route=%2Fwp%2Fv2%2Fcomments&post=415"}],"wp:featuredmedia":[{"embeddable":true,"href":"https:\/\/www.kvety-maja.sk\/index.php?rest_route=\/wp\/v2\/media\/416"}],"wp:attachment":[{"href":"https:\/\/www.kvety-maja.sk\/index.php?rest_route=%2Fwp%2Fv2%2Fmedia&parent=415"}],"wp:term":[{"taxonomy":"product_cat","embeddable":true,"href":"https:\/\/www.kvety-maja.sk\/index.php?rest_route=%2Fwp%2Fv2%2Fproduct_cat&post=415"},{"taxonomy":"product_tag","embeddable":true,"href":"https:\/\/www.kvety-maja.sk\/index.php?rest_route=%2Fwp%2Fv2%2Fproduct_tag&post=415"}],"curies":[{"name":"wp","href":"https:\/\/api.w.org\/{rel}","templated":true}]}}