{"id":445,"date":"2025-01-06T09:57:51","date_gmt":"2025-01-06T08:57:51","guid":{"rendered":"https:\/\/www.kvety-maja.sk\/?post_type=product&#038;p=445"},"modified":"2025-01-15T09:42:09","modified_gmt":"2025-01-15T08:42:09","slug":"veniec-alexej","status":"publish","type":"product","link":"https:\/\/www.kvety-maja.sk\/?product=veniec-alexej","title":{"rendered":"veniec Alexej"},"content":{"rendered":"<p><img loading=\"lazy\" decoding=\"async\" class=\"alignnone size-medium wp-image-446\" src=\"https:\/\/www.kvety-maja.sk\/wp-content\/uploads\/2025\/01\/image2-300x300.jpeg\" alt=\"\" width=\"300\" height=\"300\" srcset=\"https:\/\/www.kvety-maja.sk\/wp-content\/uploads\/2025\/01\/image2-300x300.jpeg 300w, https:\/\/www.kvety-maja.sk\/wp-content\/uploads\/2025\/01\/image2-1024x1024.jpeg 1024w, https:\/\/www.kvety-maja.sk\/wp-content\/uploads\/2025\/01\/image2-150x150.jpeg 150w, https:\/\/www.kvety-maja.sk\/wp-content\/uploads\/2025\/01\/image2-768x768.jpeg 768w, https:\/\/www.kvety-maja.sk\/wp-content\/uploads\/2025\/01\/image2-12x12.jpeg 12w, https:\/\/www.kvety-maja.sk\/wp-content\/uploads\/2025\/01\/image2-600x600.jpeg 600w, https:\/\/www.kvety-maja.sk\/wp-content\/uploads\/2025\/01\/image2-100x100.jpeg 100w, https:\/\/www.kvety-maja.sk\/wp-content\/uploads\/2025\/01\/image2.jpeg 1512w\" sizes=\"auto, (max-width: 300px) 100vw, 300px\" \/>Elegantn\u00fd sm\u00fato\u010dn\u00fd ven\u010dek, ktor\u00fdm prejav\u00edte d\u00f4stojn\u00fa spomienku na toho ,koho ste stratili.<\/p>\n","protected":false},"excerpt":{"rendered":"<p>Zlo\u017eenie:<\/p>\n<p>14 ks ru\u017e\u00ed ,ktor\u00e9 s\u00fa vypichovan\u00e9 do aran\u017eovacej hmoty s priemerom 25 cm\u00a0 doplnen\u00e9 zele\u0148ou a gypsophilou.<\/p>\n","protected":false},"featured_media":446,"comment_status":"open","ping_status":"closed","template":"","meta":{"ub_ctt_via":"","site-sidebar-layout":"default","site-content-layout":"","ast-site-content-layout":"default","site-content-style":"default","site-sidebar-style":"default","ast-global-header-display":"","ast-banner-title-visibility":"","ast-main-header-display":"","ast-hfb-above-header-display":"","ast-hfb-below-header-display":"","ast-hfb-mobile-header-display":"","site-post-title":"","ast-breadcrumbs-content":"","ast-featured-img":"","footer-sml-layout":"","theme-transparent-header-meta":"default","adv-header-id-meta":"","stick-header-meta":"","header-above-stick-meta":"","header-main-stick-meta":"","header-below-stick-meta":"","astra-migrate-meta-layouts":"set","ast-page-background-enabled":"default","ast-page-background-meta":{"desktop":{"background-color":"var(--ast-global-color-4)","background-image":"","background-repeat":"repeat","background-position":"center center","background-size":"auto","background-attachment":"scroll","background-type":"","background-media":"","overlay-type":"","overlay-color":"","overlay-gradient":""},"tablet":{"background-color":"","background-image":"","background-repeat":"repeat","background-position":"center center","background-size":"auto","background-attachment":"scroll","background-type":"","background-media":"","overlay-type":"","overlay-color":"","overlay-gradient":""},"mobile":{"background-color":"","background-image":"","background-repeat":"repeat","background-position":"center center","background-size":"auto","background-attachment":"scroll","background-type":"","background-media":"","overlay-type":"","overlay-color":"","overlay-gradient":""}},"ast-content-background-meta":{"desktop":{"background-color":"var(--ast-global-color-5)","background-image":"","background-repeat":"repeat","background-position":"center center","background-size":"auto","background-attachment":"scroll","background-type":"","background-media":"","overlay-type":"","overlay-color":"","overlay-gradient":""},"tablet":{"background-color":"var(--ast-global-color-5)","background-image":"","background-repeat":"repeat","background-position":"center center","background-size":"auto","background-attachment":"scroll","background-type":"","background-media":"","overlay-type":"","overlay-color":"","overlay-gradient":""},"mobile":{"background-color":"var(--ast-global-color-5)","background-image":"","background-repeat":"repeat","background-position":"center center","background-size":"auto","background-attachment":"scroll","background-type":"","background-media":"","overlay-type":"","overlay-color":"","overlay-gradient":""}}},"product_cat":[19],"product_tag":[],"class_list":{"0":"post-445","1":"product","2":"type-product","3":"status-publish","4":"has-post-thumbnail","6":"product_cat-smutocne-kytice-a-vence","7":"desktop-align-left","8":"tablet-align-left","9":"mobile-align-left","11":"first","12":"instock","13":"shipping-taxable","14":"purchasable","15":"product-type-simple"},"aioseo_notices":[],"_links":{"self":[{"href":"https:\/\/www.kvety-maja.sk\/index.php?rest_route=\/wp\/v2\/product\/445","targetHints":{"allow":["GET"]}}],"collection":[{"href":"https:\/\/www.kvety-maja.sk\/index.php?rest_route=\/wp\/v2\/product"}],"about":[{"href":"https:\/\/www.kvety-maja.sk\/index.php?rest_route=\/wp\/v2\/types\/product"}],"replies":[{"embeddable":true,"href":"https:\/\/www.kvety-maja.sk\/index.php?rest_route=%2Fwp%2Fv2%2Fcomments&post=445"}],"wp:featuredmedia":[{"embeddable":true,"href":"https:\/\/www.kvety-maja.sk\/index.php?rest_route=\/wp\/v2\/media\/446"}],"wp:attachment":[{"href":"https:\/\/www.kvety-maja.sk\/index.php?rest_route=%2Fwp%2Fv2%2Fmedia&parent=445"}],"wp:term":[{"taxonomy":"product_cat","embeddable":true,"href":"https:\/\/www.kvety-maja.sk\/index.php?rest_route=%2Fwp%2Fv2%2Fproduct_cat&post=445"},{"taxonomy":"product_tag","embeddable":true,"href":"https:\/\/www.kvety-maja.sk\/index.php?rest_route=%2Fwp%2Fv2%2Fproduct_tag&post=445"}],"curies":[{"name":"wp","href":"https:\/\/api.w.org\/{rel}","templated":true}]}}