{"id":454,"date":"2025-01-14T09:23:25","date_gmt":"2025-01-14T08:23:25","guid":{"rendered":"https:\/\/www.kvety-maja.sk\/?post_type=product&#038;p=454"},"modified":"2025-01-14T09:23:25","modified_gmt":"2025-01-14T08:23:25","slug":"edita","status":"publish","type":"product","link":"https:\/\/www.kvety-maja.sk\/?product=edita","title":{"rendered":"Edita"},"content":{"rendered":"<p>Celoro\u010dn\u00e1 dekor\u00e1cia na st\u00f4l , m\u00f4\u017eete ho darova\u0165 hocikomu. pote\u0161\u00ed teba alebo niekoho, na kom ti z\u00e1le\u017e\u00ed.<\/p>\n<p>Je naaran\u017eovan\u00e1 v podlhovastej n\u00e1dobe z umel\u00fdch a su\u0161en\u00fdch kvetov. N\u00e1doba m\u00e1 asi 30 cm.<\/p>\n<p>O\u0161etrujeme len ob\u010dasn\u00fdm vys\u00e1van\u00edm.<\/p>\n","protected":false},"excerpt":{"rendered":"<p>Jemn\u00e9 t\u00f3ny pre elegantn\u00e9 interi\u00e9ry.<\/p>\n<p>\u017diariv\u00e9 farby, ktor\u00e9 vnes\u00fa \u017eivot do ka\u017ed\u00e9ho priestoru.<\/p>\n<p>Detailne prepracovan\u00fd aran\u017em\u00e1n s l\u00e1skou a \u0161t\u00fdlom.<\/p>\n<p>&nbsp;<\/p>\n","protected":false},"featured_media":455,"comment_status":"open","ping_status":"closed","template":"","meta":{"ub_ctt_via":"","site-sidebar-layout":"default","site-content-layout":"","ast-site-content-layout":"default","site-content-style":"default","site-sidebar-style":"default","ast-global-header-display":"","ast-banner-title-visibility":"","ast-main-header-display":"","ast-hfb-above-header-display":"","ast-hfb-below-header-display":"","ast-hfb-mobile-header-display":"","site-post-title":"","ast-breadcrumbs-content":"","ast-featured-img":"","footer-sml-layout":"","theme-transparent-header-meta":"default","adv-header-id-meta":"","stick-header-meta":"","header-above-stick-meta":"","header-main-stick-meta":"","header-below-stick-meta":"","astra-migrate-meta-layouts":"set","ast-page-background-enabled":"default","ast-page-background-meta":{"desktop":{"background-color":"var(--ast-global-color-4)","background-image":"","background-repeat":"repeat","background-position":"center center","background-size":"auto","background-attachment":"scroll","background-type":"","background-media":"","overlay-type":"","overlay-color":"","overlay-gradient":""},"tablet":{"background-color":"","background-image":"","background-repeat":"repeat","background-position":"center center","background-size":"auto","background-attachment":"scroll","background-type":"","background-media":"","overlay-type":"","overlay-color":"","overlay-gradient":""},"mobile":{"background-color":"","background-image":"","background-repeat":"repeat","background-position":"center center","background-size":"auto","background-attachment":"scroll","background-type":"","background-media":"","overlay-type":"","overlay-color":"","overlay-gradient":""}},"ast-content-background-meta":{"desktop":{"background-color":"var(--ast-global-color-5)","background-image":"","background-repeat":"repeat","background-position":"center center","background-size":"auto","background-attachment":"scroll","background-type":"","background-media":"","overlay-type":"","overlay-color":"","overlay-gradient":""},"tablet":{"background-color":"var(--ast-global-color-5)","background-image":"","background-repeat":"repeat","background-position":"center center","background-size":"auto","background-attachment":"scroll","background-type":"","background-media":"","overlay-type":"","overlay-color":"","overlay-gradient":""},"mobile":{"background-color":"var(--ast-global-color-5)","background-image":"","background-repeat":"repeat","background-position":"center center","background-size":"auto","background-attachment":"scroll","background-type":"","background-media":"","overlay-type":"","overlay-color":"","overlay-gradient":""}}},"product_cat":[21],"product_tag":[],"class_list":{"0":"post-454","1":"product","2":"type-product","3":"status-publish","4":"has-post-thumbnail","6":"product_cat-doplnkovy-tovar","7":"desktop-align-left","8":"tablet-align-left","9":"mobile-align-left","11":"first","12":"instock","13":"shipping-taxable","14":"purchasable","15":"product-type-simple"},"aioseo_notices":[],"_links":{"self":[{"href":"https:\/\/www.kvety-maja.sk\/index.php?rest_route=\/wp\/v2\/product\/454","targetHints":{"allow":["GET"]}}],"collection":[{"href":"https:\/\/www.kvety-maja.sk\/index.php?rest_route=\/wp\/v2\/product"}],"about":[{"href":"https:\/\/www.kvety-maja.sk\/index.php?rest_route=\/wp\/v2\/types\/product"}],"replies":[{"embeddable":true,"href":"https:\/\/www.kvety-maja.sk\/index.php?rest_route=%2Fwp%2Fv2%2Fcomments&post=454"}],"wp:featuredmedia":[{"embeddable":true,"href":"https:\/\/www.kvety-maja.sk\/index.php?rest_route=\/wp\/v2\/media\/455"}],"wp:attachment":[{"href":"https:\/\/www.kvety-maja.sk\/index.php?rest_route=%2Fwp%2Fv2%2Fmedia&parent=454"}],"wp:term":[{"taxonomy":"product_cat","embeddable":true,"href":"https:\/\/www.kvety-maja.sk\/index.php?rest_route=%2Fwp%2Fv2%2Fproduct_cat&post=454"},{"taxonomy":"product_tag","embeddable":true,"href":"https:\/\/www.kvety-maja.sk\/index.php?rest_route=%2Fwp%2Fv2%2Fproduct_tag&post=454"}],"curies":[{"name":"wp","href":"https:\/\/api.w.org\/{rel}","templated":true}]}}