{"id":460,"date":"2025-01-14T16:37:31","date_gmt":"2025-01-14T15:37:31","guid":{"rendered":"https:\/\/www.kvety-maja.sk\/?post_type=product&#038;p=460"},"modified":"2025-01-14T16:37:31","modified_gmt":"2025-01-14T15:37:31","slug":"hana","status":"publish","type":"product","link":"https:\/\/www.kvety-maja.sk\/?product=hana","title":{"rendered":"Hana"},"content":{"rendered":"<p>T\u00e1to n\u00e1dhern\u00e1 such\u00e1 kytica jemn\u00fdmi pr\u00edrodn\u00fdmi t\u00f3nmi a \u017eiariv\u00fdmi detailmi je ide\u00e1lnou na ozdobu domu, dar\u010dek alebo len tak pre rados\u0165. A najlep\u0161ie? Nikdy nezv\u00e4dne!<\/p>\n","protected":false},"excerpt":{"rendered":"<p>Such\u00e1 kytica vytvoren\u00e1 z ovsu , setarie, \u013aanu ,zaja\u010dieho chvost\u00edka a in\u00fdch such\u00fdch rastliniek.<\/p>\n","protected":false},"featured_media":359,"comment_status":"open","ping_status":"closed","template":"","meta":{"ub_ctt_via":"","site-sidebar-layout":"default","site-content-layout":"","ast-site-content-layout":"default","site-content-style":"default","site-sidebar-style":"default","ast-global-header-display":"","ast-banner-title-visibility":"","ast-main-header-display":"","ast-hfb-above-header-display":"","ast-hfb-below-header-display":"","ast-hfb-mobile-header-display":"","site-post-title":"","ast-breadcrumbs-content":"","ast-featured-img":"","footer-sml-layout":"","theme-transparent-header-meta":"default","adv-header-id-meta":"","stick-header-meta":"","header-above-stick-meta":"","header-main-stick-meta":"","header-below-stick-meta":"","astra-migrate-meta-layouts":"set","ast-page-background-enabled":"default","ast-page-background-meta":{"desktop":{"background-color":"var(--ast-global-color-4)","background-image":"","background-repeat":"repeat","background-position":"center center","background-size":"auto","background-attachment":"scroll","background-type":"","background-media":"","overlay-type":"","overlay-color":"","overlay-gradient":""},"tablet":{"background-color":"","background-image":"","background-repeat":"repeat","background-position":"center center","background-size":"auto","background-attachment":"scroll","background-type":"","background-media":"","overlay-type":"","overlay-color":"","overlay-gradient":""},"mobile":{"background-color":"","background-image":"","background-repeat":"repeat","background-position":"center center","background-size":"auto","background-attachment":"scroll","background-type":"","background-media":"","overlay-type":"","overlay-color":"","overlay-gradient":""}},"ast-content-background-meta":{"desktop":{"background-color":"var(--ast-global-color-5)","background-image":"","background-repeat":"repeat","background-position":"center center","background-size":"auto","background-attachment":"scroll","background-type":"","background-media":"","overlay-type":"","overlay-color":"","overlay-gradient":""},"tablet":{"background-color":"var(--ast-global-color-5)","background-image":"","background-repeat":"repeat","background-position":"center center","background-size":"auto","background-attachment":"scroll","background-type":"","background-media":"","overlay-type":"","overlay-color":"","overlay-gradient":""},"mobile":{"background-color":"var(--ast-global-color-5)","background-image":"","background-repeat":"repeat","background-position":"center center","background-size":"auto","background-attachment":"scroll","background-type":"","background-media":"","overlay-type":"","overlay-color":"","overlay-gradient":""}}},"product_cat":[21],"product_tag":[],"class_list":{"0":"post-460","1":"product","2":"type-product","3":"status-publish","4":"has-post-thumbnail","6":"product_cat-doplnkovy-tovar","7":"desktop-align-left","8":"tablet-align-left","9":"mobile-align-left","11":"first","12":"instock","13":"shipping-taxable","14":"purchasable","15":"product-type-simple"},"aioseo_notices":[],"_links":{"self":[{"href":"https:\/\/www.kvety-maja.sk\/index.php?rest_route=\/wp\/v2\/product\/460","targetHints":{"allow":["GET"]}}],"collection":[{"href":"https:\/\/www.kvety-maja.sk\/index.php?rest_route=\/wp\/v2\/product"}],"about":[{"href":"https:\/\/www.kvety-maja.sk\/index.php?rest_route=\/wp\/v2\/types\/product"}],"replies":[{"embeddable":true,"href":"https:\/\/www.kvety-maja.sk\/index.php?rest_route=%2Fwp%2Fv2%2Fcomments&post=460"}],"wp:featuredmedia":[{"embeddable":true,"href":"https:\/\/www.kvety-maja.sk\/index.php?rest_route=\/wp\/v2\/media\/359"}],"wp:attachment":[{"href":"https:\/\/www.kvety-maja.sk\/index.php?rest_route=%2Fwp%2Fv2%2Fmedia&parent=460"}],"wp:term":[{"taxonomy":"product_cat","embeddable":true,"href":"https:\/\/www.kvety-maja.sk\/index.php?rest_route=%2Fwp%2Fv2%2Fproduct_cat&post=460"},{"taxonomy":"product_tag","embeddable":true,"href":"https:\/\/www.kvety-maja.sk\/index.php?rest_route=%2Fwp%2Fv2%2Fproduct_tag&post=460"}],"curies":[{"name":"wp","href":"https:\/\/api.w.org\/{rel}","templated":true}]}}