{"id":641,"date":"2026-01-14T16:00:38","date_gmt":"2026-01-14T15:00:38","guid":{"rendered":"https:\/\/www.kvety-maja.sk\/?post_type=product&#038;p=641"},"modified":"2026-01-14T16:02:16","modified_gmt":"2026-01-14T15:02:16","slug":"kytica-dasa","status":"publish","type":"product","link":"https:\/\/www.kvety-maja.sk\/?product=kytica-dasa","title":{"rendered":"kytica D\u00e1\u0161a"},"content":{"rendered":"<p><strong class=\"Yjhzub\" data-complete=\"true\" data-processed=\"true\">Popis:<\/strong><br data-serialized-params=\"[]\" data-complete=\"true\" data-processed=\"true\" \/>O\u010daruj\u00faca zmes s\u00fdtych a jemn\u00fdch odtie\u0148ov ru\u017eovej a bielej farby, ktor\u00e1 vytv\u00e1ra skuto\u010dne\u00a0<strong class=\"Yjhzub\" data-complete=\"true\" data-processed=\"true\">luxusn\u00fd<\/strong>\u00a0a\u00a0<strong class=\"Yjhzub\" data-complete=\"true\" data-processed=\"true\">nezabudnute\u013en\u00fd<\/strong>\u00a0vizu\u00e1lny z\u00e1\u017eitok. T\u00e1to kytica sp\u00e1ja klasick\u00fa eleganciu s exotick\u00fdm \u0161armom a je ide\u00e1lnym darom na \u0161peci\u00e1lne pr\u00edle\u017eitosti, ako s\u00fa narodeniny, v\u00fdro\u010dia, po\u010fakovanie alebo jednoducho pre rados\u0165.<\/p>\n<div class=\"aMcZzf\">\n<div class=\"cS4Vcb-pGL6qe-ysgGef\">\n<div class=\"Kq3PC\">Ka\u017ed\u00e1 kytica je ru\u010dne vyr\u00e1ban\u00fd origin\u00e1l, preto nemus\u00ed na 100% zodpoveda\u0165 fotke.<\/div>\n<\/div>\n<\/div>\n<div class=\"zZdD3d\"><\/div>\n","protected":false},"excerpt":{"rendered":"<div class=\"Y3BBE\" data-sfc-cp=\"\" data-hveid=\"CAEIBRAA\" data-processed=\"true\" data-complete=\"true\"><strong class=\"Yjhzub\" data-complete=\"true\" data-processed=\"true\">Zlo\u017eenie kytice:<\/strong><\/div>\n<ul class=\"KsbFXc U6u95\" data-processed=\"true\" data-complete=\"true\">\n<li data-hveid=\"CAEIBhAA\" data-complete=\"true\" data-sae=\"\"><span class=\"T286Pc\" data-sfc-cp=\"\" data-complete=\"true\"><strong class=\"Yjhzub\" data-complete=\"true\">Dominantn\u00e9 kvety:<\/strong>\u00a0S\u00fdto ru\u017eov\u00e9 gerbery, jemn\u00e9 ru\u017eov\u00e9 ru\u017ee a biela\/kr\u00e9mov\u00e1 eustoma s\u00fa doplnen\u00e9 v\u00fdraznou, exotickou proteou, ktor\u00e1 kytici dod\u00e1va jedine\u010dn\u00fd charakter.<\/span><\/li>\n<li data-hveid=\"CAEIBhAB\" data-complete=\"true\" data-sae=\"\"><span class=\"T286Pc\" data-sfc-cp=\"\" data-complete=\"true\"><strong class=\"Yjhzub\" data-complete=\"true\">Doplnkov\u00e9 kvety:<\/strong>\u00a0Biele klin\u010deky a drobn\u00e9 biele kvietky (gypsomilka) zjem\u0148uj\u00fa celkov\u00fd vzh\u013ead a prid\u00e1vaj\u00fa text\u00faru.<\/span><\/li>\n<li data-hveid=\"CAEIBhAC\" data-complete=\"true\" data-sae=\"\"><span class=\"T286Pc\" data-sfc-cp=\"\" data-complete=\"true\"><strong class=\"Yjhzub\" data-complete=\"true\">Zele\u0148:<\/strong>\u00a0Aran\u017em\u00e1n je doplnen\u00fd svie\u017eou sez\u00f3nnou zele\u0148ou, vr\u00e1tane eukalyptu, ktor\u00fd vytv\u00e1ra bohat\u00e9 pozadie a pr\u00edjemn\u00fa v\u00f4\u0148u.<\/span><\/li>\n<li data-hveid=\"CAEIBhAD\" data-complete=\"true\" data-sae=\"\"><span class=\"T286Pc\" data-sfc-cp=\"\" data-complete=\"true\"><strong class=\"Yjhzub\" data-complete=\"true\">Balenie:<\/strong>\u00a0Kytica je profesion\u00e1lne uviazan\u00e1 a zabalen\u00e1 v\u00a0<strong class=\"Yjhzub\" data-complete=\"true\">s\u00fdto ru\u017eovom<\/strong>\u00a0dekorat\u00edvnom papieri.<\/span><\/li>\n<\/ul>\n<div class=\"Y3BBE\" data-sfc-cp=\"\" data-hveid=\"CAEIBxAA\" data-processed=\"true\" data-complete=\"true\"><strong class=\"Yjhzub\" data-complete=\"true\" data-processed=\"true\">Starostlivos\u0165:<\/strong><br data-serialized-params=\"[]\" data-complete=\"true\" data-processed=\"true\" \/>Pre zachovanie maxim\u00e1lnej svie\u017eosti umiestnite kyticu do v\u00e1zy s \u010distou vodou a pravidelne vodu vymie\u0148ajte.<\/div>\n","protected":false},"featured_media":640,"comment_status":"open","ping_status":"closed","template":"","meta":{"ub_ctt_via":"","site-sidebar-layout":"default","site-content-layout":"","ast-site-content-layout":"default","site-content-style":"default","site-sidebar-style":"default","ast-global-header-display":"","ast-banner-title-visibility":"","ast-main-header-display":"","ast-hfb-above-header-display":"","ast-hfb-below-header-display":"","ast-hfb-mobile-header-display":"","site-post-title":"","ast-breadcrumbs-content":"","ast-featured-img":"","footer-sml-layout":"","theme-transparent-header-meta":"default","adv-header-id-meta":"","stick-header-meta":"","header-above-stick-meta":"","header-main-stick-meta":"","header-below-stick-meta":"","astra-migrate-meta-layouts":"set","ast-page-background-enabled":"default","ast-page-background-meta":{"desktop":{"background-color":"var(--ast-global-color-4)","background-image":"","background-repeat":"repeat","background-position":"center center","background-size":"auto","background-attachment":"scroll","background-type":"","background-media":"","overlay-type":"","overlay-color":"","overlay-gradient":""},"tablet":{"background-color":"","background-image":"","background-repeat":"repeat","background-position":"center center","background-size":"auto","background-attachment":"scroll","background-type":"","background-media":"","overlay-type":"","overlay-color":"","overlay-gradient":""},"mobile":{"background-color":"","background-image":"","background-repeat":"repeat","background-position":"center center","background-size":"auto","background-attachment":"scroll","background-type":"","background-media":"","overlay-type":"","overlay-color":"","overlay-gradient":""}},"ast-content-background-meta":{"desktop":{"background-color":"var(--ast-global-color-5)","background-image":"","background-repeat":"repeat","background-position":"center center","background-size":"auto","background-attachment":"scroll","background-type":"","background-media":"","overlay-type":"","overlay-color":"","overlay-gradient":""},"tablet":{"background-color":"var(--ast-global-color-5)","background-image":"","background-repeat":"repeat","background-position":"center center","background-size":"auto","background-attachment":"scroll","background-type":"","background-media":"","overlay-type":"","overlay-color":"","overlay-gradient":""},"mobile":{"background-color":"var(--ast-global-color-5)","background-image":"","background-repeat":"repeat","background-position":"center center","background-size":"auto","background-attachment":"scroll","background-type":"","background-media":"","overlay-type":"","overlay-color":"","overlay-gradient":""}}},"product_cat":[18],"product_tag":[],"class_list":{"0":"post-641","1":"product","2":"type-product","3":"status-publish","4":"has-post-thumbnail","6":"product_cat-gratulacne-kytice","7":"desktop-align-left","8":"tablet-align-left","9":"mobile-align-left","11":"first","12":"instock","13":"shipping-taxable","14":"purchasable","15":"product-type-simple"},"aioseo_notices":[],"_links":{"self":[{"href":"https:\/\/www.kvety-maja.sk\/index.php?rest_route=\/wp\/v2\/product\/641","targetHints":{"allow":["GET"]}}],"collection":[{"href":"https:\/\/www.kvety-maja.sk\/index.php?rest_route=\/wp\/v2\/product"}],"about":[{"href":"https:\/\/www.kvety-maja.sk\/index.php?rest_route=\/wp\/v2\/types\/product"}],"replies":[{"embeddable":true,"href":"https:\/\/www.kvety-maja.sk\/index.php?rest_route=%2Fwp%2Fv2%2Fcomments&post=641"}],"wp:featuredmedia":[{"embeddable":true,"href":"https:\/\/www.kvety-maja.sk\/index.php?rest_route=\/wp\/v2\/media\/640"}],"wp:attachment":[{"href":"https:\/\/www.kvety-maja.sk\/index.php?rest_route=%2Fwp%2Fv2%2Fmedia&parent=641"}],"wp:term":[{"taxonomy":"product_cat","embeddable":true,"href":"https:\/\/www.kvety-maja.sk\/index.php?rest_route=%2Fwp%2Fv2%2Fproduct_cat&post=641"},{"taxonomy":"product_tag","embeddable":true,"href":"https:\/\/www.kvety-maja.sk\/index.php?rest_route=%2Fwp%2Fv2%2Fproduct_tag&post=641"}],"curies":[{"name":"wp","href":"https:\/\/api.w.org\/{rel}","templated":true}]}}