{"id":651,"date":"2026-02-08T10:09:32","date_gmt":"2026-02-08T09:09:32","guid":{"rendered":"https:\/\/www.kvety-maja.sk\/?post_type=product&#038;p=651"},"modified":"2026-03-08T08:12:44","modified_gmt":"2026-03-08T07:12:44","slug":"stabilizovana-ruza-erika","status":"publish","type":"product","link":"https:\/\/www.kvety-maja.sk\/?product=stabilizovana-ruza-erika","title":{"rendered":"Stabilizovan\u00e1 ru\u017ea Erika"},"content":{"rendered":"<p>Stabilizovan\u00e1 ru\u017ea v boxe je symbolom trvalej kr\u00e1sy a l\u00e1sky ,ktor\u00e1 vydr\u017e\u00ed..<\/p>\n<p>Ide o pr\u00edrodn\u00fa ru\u017eu ,\u0161peci\u00e1lne o\u0161etren\u00fa stabiliza\u010dn\u00fdm procesom ,v\u010faka ktor\u00e9mu si zachov\u00e1 svoj \u010derstv\u00fd vzh\u013ead , farbu a jemnos\u0165 po dobu nieko\u013ek\u00fdch rokov &#8211; bez polievania a akejko\u013evek starostlivosti.<\/p>\n","protected":false},"excerpt":{"rendered":"<p>Zlo\u017eenie:Ide o pr\u00edrodn\u00fa ru\u017eu ,\u0161peci\u00e1lne o\u0161etren\u00fa stabiliza\u010dn\u00fdm procesom ,v\u010faka ktor\u00e9mu si zachov\u00e1 svoj \u010derstv\u00fd vzh\u013ead , farbu a jemnos\u0165 po dobu nieko\u013ek\u00fdch rokov &#8211; bez polievania a akejko\u013evek starostlivosti.<\/p>\n<p>papierov\u00fd box , 1 ks stabilizovan\u00e1 ru\u017ea ,keramick\u00fd mac\u00edk a doplnen\u00e9 dekor\u00e1ciami.<\/p>\n","protected":false},"featured_media":652,"comment_status":"open","ping_status":"closed","template":"","meta":{"ub_ctt_via":"","site-sidebar-layout":"default","site-content-layout":"","ast-site-content-layout":"default","site-content-style":"default","site-sidebar-style":"default","ast-global-header-display":"","ast-banner-title-visibility":"","ast-main-header-display":"","ast-hfb-above-header-display":"","ast-hfb-below-header-display":"","ast-hfb-mobile-header-display":"","site-post-title":"","ast-breadcrumbs-content":"","ast-featured-img":"","footer-sml-layout":"","theme-transparent-header-meta":"default","adv-header-id-meta":"","stick-header-meta":"","header-above-stick-meta":"","header-main-stick-meta":"","header-below-stick-meta":"","astra-migrate-meta-layouts":"set","ast-page-background-enabled":"default","ast-page-background-meta":{"desktop":{"background-color":"var(--ast-global-color-4)","background-image":"","background-repeat":"repeat","background-position":"center center","background-size":"auto","background-attachment":"scroll","background-type":"","background-media":"","overlay-type":"","overlay-color":"","overlay-gradient":""},"tablet":{"background-color":"","background-image":"","background-repeat":"repeat","background-position":"center center","background-size":"auto","background-attachment":"scroll","background-type":"","background-media":"","overlay-type":"","overlay-color":"","overlay-gradient":""},"mobile":{"background-color":"","background-image":"","background-repeat":"repeat","background-position":"center center","background-size":"auto","background-attachment":"scroll","background-type":"","background-media":"","overlay-type":"","overlay-color":"","overlay-gradient":""}},"ast-content-background-meta":{"desktop":{"background-color":"var(--ast-global-color-5)","background-image":"","background-repeat":"repeat","background-position":"center center","background-size":"auto","background-attachment":"scroll","background-type":"","background-media":"","overlay-type":"","overlay-color":"","overlay-gradient":""},"tablet":{"background-color":"var(--ast-global-color-5)","background-image":"","background-repeat":"repeat","background-position":"center center","background-size":"auto","background-attachment":"scroll","background-type":"","background-media":"","overlay-type":"","overlay-color":"","overlay-gradient":""},"mobile":{"background-color":"var(--ast-global-color-5)","background-image":"","background-repeat":"repeat","background-position":"center center","background-size":"auto","background-attachment":"scroll","background-type":"","background-media":"","overlay-type":"","overlay-color":"","overlay-gradient":""}}},"product_cat":[21,18,20,17],"product_tag":[],"class_list":{"0":"post-651","1":"product","2":"type-product","3":"status-publish","4":"has-post-thumbnail","6":"product_cat-doplnkovy-tovar","7":"product_cat-gratulacne-kytice","8":"product_cat-kvetinove-boxy","9":"product_cat-sezonne-kytice","10":"desktop-align-left","11":"tablet-align-left","12":"mobile-align-left","14":"first","15":"instock","16":"shipping-taxable","17":"purchasable","18":"product-type-simple"},"aioseo_notices":[],"_links":{"self":[{"href":"https:\/\/www.kvety-maja.sk\/index.php?rest_route=\/wp\/v2\/product\/651","targetHints":{"allow":["GET"]}}],"collection":[{"href":"https:\/\/www.kvety-maja.sk\/index.php?rest_route=\/wp\/v2\/product"}],"about":[{"href":"https:\/\/www.kvety-maja.sk\/index.php?rest_route=\/wp\/v2\/types\/product"}],"replies":[{"embeddable":true,"href":"https:\/\/www.kvety-maja.sk\/index.php?rest_route=%2Fwp%2Fv2%2Fcomments&post=651"}],"wp:featuredmedia":[{"embeddable":true,"href":"https:\/\/www.kvety-maja.sk\/index.php?rest_route=\/wp\/v2\/media\/652"}],"wp:attachment":[{"href":"https:\/\/www.kvety-maja.sk\/index.php?rest_route=%2Fwp%2Fv2%2Fmedia&parent=651"}],"wp:term":[{"taxonomy":"product_cat","embeddable":true,"href":"https:\/\/www.kvety-maja.sk\/index.php?rest_route=%2Fwp%2Fv2%2Fproduct_cat&post=651"},{"taxonomy":"product_tag","embeddable":true,"href":"https:\/\/www.kvety-maja.sk\/index.php?rest_route=%2Fwp%2Fv2%2Fproduct_tag&post=651"}],"curies":[{"name":"wp","href":"https:\/\/api.w.org\/{rel}","templated":true}]}}