{"id":657,"date":"2026-02-16T16:42:49","date_gmt":"2026-02-16T15:42:49","guid":{"rendered":"https:\/\/www.kvety-maja.sk\/?post_type=product&#038;p=657"},"modified":"2026-02-16T16:42:49","modified_gmt":"2026-02-16T15:42:49","slug":"belgicke-pralinky","status":"publish","type":"product","link":"https:\/\/www.kvety-maja.sk\/?product=belgicke-pralinky","title":{"rendered":"Belgick\u00e9 pralinky"},"content":{"rendered":"<pre id=\"tw-target-text\" class=\"tw-data-text tw-text-large tw-ta\" dir=\"ltr\" tabindex=\"-1\" role=\"text\" data-placeholder=\"Preklad\" data-ved=\"2ahUKEwiBs5rVod6SAxUl_rsIHeFVGpoQ3ewLegQICBAX\" aria-label=\"Prelo\u017een\u00fd text: fili\u017canka\">Bonboni\u00e9ra obsahuje v\u00fdber kvalitn\u00fdch\u00a0<strong>plnen\u00fdch belgick\u00fdch<\/strong> praliniek z mlie\u010dnej, horkej a bielej\r\n\u010dokol\u00e1dy.\r\n\r\n<\/pre>\n","protected":false},"excerpt":{"rendered":"<p><em>Zlo\u017eenie :\u00a0<\/em><\/p>\n<p>cukor, kakaov\u00e1 hmota, kakaov\u00e9 maslo, rastlinn\u00fd tuk (palmov\u00fd, z palmov\u00fdch jadier, kokosov\u00fd), gluk\u00f3zov\u00fd sirup, su\u0161en\u00e9 plnotu\u010dn\u00e9\u00a0<em>mlieko,<strong>\u00a0<\/strong><\/em>invertovan\u00fd cukrov\u00fd sirup,\u00a0<em>mandle, lieskov\u00e9 orechy,<\/em>\u00a0bezvod\u00fd\u00a0<em>mlie\u010dny<\/em>\u00a0tuk,\u00a0 emulg\u00e1tor:\u00a0<strong>s\u00f3jov\u00fd<\/strong>\u00a0lecit\u00edn, emulg\u00e1tor: mono a diglyceridy mastn\u00fdch kysel\u00edn,<\/p>\n<p>Obsah kakaovej su\u0161iny v horkej \u010dokol\u00e1de min. 50%. Obsah kakaovej su\u0161iny v mlie\u010dnej \u010dokol\u00e1de min. 33% a 14% mlie\u010dnej su\u0161iny. Obsah kakaovej su\u0161iny v bielej \u010dokol\u00e1de min 23% a mlie\u010dnej su\u0161iny min. 22%<\/p>\n<p><em>Inform\u00e1cie pre alergikov:<\/em>\u00a0v\u00fdrobok m\u00f4\u017ee obsahova\u0165 stopy glut\u00e9nu, lieskov\u00e9 orechy, vajcia, mandle.<\/p>\n<p>\u010cist\u00e1 hmotnos\u0165: 200 g.<\/p>\n<p>V\u00fdroben\u00e9 v Belgicku.<em><br \/>\n<\/em><\/p>\n<p>Uchov\u00e1vajte v suchu, chr\u00e1\u0148te pred teplom.<\/p>\n","protected":false},"featured_media":658,"comment_status":"open","ping_status":"closed","template":"","meta":{"ub_ctt_via":"","site-sidebar-layout":"default","site-content-layout":"","ast-site-content-layout":"default","site-content-style":"default","site-sidebar-style":"default","ast-global-header-display":"","ast-banner-title-visibility":"","ast-main-header-display":"","ast-hfb-above-header-display":"","ast-hfb-below-header-display":"","ast-hfb-mobile-header-display":"","site-post-title":"","ast-breadcrumbs-content":"","ast-featured-img":"","footer-sml-layout":"","theme-transparent-header-meta":"default","adv-header-id-meta":"","stick-header-meta":"","header-above-stick-meta":"","header-main-stick-meta":"","header-below-stick-meta":"","astra-migrate-meta-layouts":"set","ast-page-background-enabled":"default","ast-page-background-meta":{"desktop":{"background-color":"var(--ast-global-color-4)","background-image":"","background-repeat":"repeat","background-position":"center center","background-size":"auto","background-attachment":"scroll","background-type":"","background-media":"","overlay-type":"","overlay-color":"","overlay-gradient":""},"tablet":{"background-color":"","background-image":"","background-repeat":"repeat","background-position":"center center","background-size":"auto","background-attachment":"scroll","background-type":"","background-media":"","overlay-type":"","overlay-color":"","overlay-gradient":""},"mobile":{"background-color":"","background-image":"","background-repeat":"repeat","background-position":"center center","background-size":"auto","background-attachment":"scroll","background-type":"","background-media":"","overlay-type":"","overlay-color":"","overlay-gradient":""}},"ast-content-background-meta":{"desktop":{"background-color":"var(--ast-global-color-5)","background-image":"","background-repeat":"repeat","background-position":"center center","background-size":"auto","background-attachment":"scroll","background-type":"","background-media":"","overlay-type":"","overlay-color":"","overlay-gradient":""},"tablet":{"background-color":"var(--ast-global-color-5)","background-image":"","background-repeat":"repeat","background-position":"center center","background-size":"auto","background-attachment":"scroll","background-type":"","background-media":"","overlay-type":"","overlay-color":"","overlay-gradient":""},"mobile":{"background-color":"var(--ast-global-color-5)","background-image":"","background-repeat":"repeat","background-position":"center center","background-size":"auto","background-attachment":"scroll","background-type":"","background-media":"","overlay-type":"","overlay-color":"","overlay-gradient":""}}},"product_cat":[21],"product_tag":[],"class_list":{"0":"post-657","1":"product","2":"type-product","3":"status-publish","4":"has-post-thumbnail","6":"product_cat-doplnkovy-tovar","7":"desktop-align-left","8":"tablet-align-left","9":"mobile-align-left","11":"first","12":"instock","13":"shipping-taxable","14":"purchasable","15":"product-type-simple"},"aioseo_notices":[],"_links":{"self":[{"href":"https:\/\/www.kvety-maja.sk\/index.php?rest_route=\/wp\/v2\/product\/657","targetHints":{"allow":["GET"]}}],"collection":[{"href":"https:\/\/www.kvety-maja.sk\/index.php?rest_route=\/wp\/v2\/product"}],"about":[{"href":"https:\/\/www.kvety-maja.sk\/index.php?rest_route=\/wp\/v2\/types\/product"}],"replies":[{"embeddable":true,"href":"https:\/\/www.kvety-maja.sk\/index.php?rest_route=%2Fwp%2Fv2%2Fcomments&post=657"}],"wp:featuredmedia":[{"embeddable":true,"href":"https:\/\/www.kvety-maja.sk\/index.php?rest_route=\/wp\/v2\/media\/658"}],"wp:attachment":[{"href":"https:\/\/www.kvety-maja.sk\/index.php?rest_route=%2Fwp%2Fv2%2Fmedia&parent=657"}],"wp:term":[{"taxonomy":"product_cat","embeddable":true,"href":"https:\/\/www.kvety-maja.sk\/index.php?rest_route=%2Fwp%2Fv2%2Fproduct_cat&post=657"},{"taxonomy":"product_tag","embeddable":true,"href":"https:\/\/www.kvety-maja.sk\/index.php?rest_route=%2Fwp%2Fv2%2Fproduct_tag&post=657"}],"curies":[{"name":"wp","href":"https:\/\/api.w.org\/{rel}","templated":true}]}}