{"id":660,"date":"2026-02-18T08:51:02","date_gmt":"2026-02-18T07:51:02","guid":{"rendered":"https:\/\/www.kvety-maja.sk\/?post_type=product&#038;p=660"},"modified":"2026-02-18T08:51:02","modified_gmt":"2026-02-18T07:51:02","slug":"pralinky","status":"publish","type":"product","link":"https:\/\/www.kvety-maja.sk\/?product=pralinky","title":{"rendered":"pralinky"},"content":{"rendered":"<p>Bonboni\u00e9ra obsahuje \u010dokol\u00e1dov\u00e9 plnen\u00e9 pralinky s kr\u00e9movou n\u00e1pl\u0148ou v dar\u010dekovej krabi\u010dke.<\/p>\n","protected":false},"excerpt":{"rendered":"<p><em>N\u00e1pl\u0148 (60%):<\/em>\u00a0cukor, rastlinn\u00fd tuk (palmov\u00fd repkov\u00fd\u00a0v r\u00f4znom pomere), odtu\u010dnen\u00fd kakaov\u00fd pr\u00e1\u0161ok 12%, su\u0161en\u00e1\u00a0<em>srv\u00e1tka, lakt\u00f3za<\/em>, odtu\u010dnen\u00e9 su\u0161en\u00e9\u00a0<em>mlieko<\/em>\u00a0, emulg\u00e1tor:\u00a0<em>s\u00f3jov\u00fd\u00a0<\/em>lecit\u00edn, vanil\u00edn, pr\u00edrodn\u00e1 vanilkov\u00e1 ar\u00f3ma, k\u00e1va 7% v k\u00e1vovej n\u00e1plni, lieskov\u00e9\u00a0<em>orie\u0161ky<\/em>\u00a08% v lieskovoorie\u0161kovej n\u00e1plni.<\/p>\n<p><em>\u0160krupina (40%):<\/em>\u00a0cukor, plnotu\u010dn\u00e9\u00a0<em>mlieko<\/em>\u00a016,5 %, kakaov\u00e1 hmota, kakaov\u00e9 maslo, su\u0161en\u00e1\u00a0<em>srv\u00e1tka<\/em>, emulg\u00e1tor:\u00a0<em>s\u00f3jov\u00fd\u00a0<\/em>lecit\u00edn, pr\u00edrodn\u00e1 vanilkov\u00e1 ar\u00f3ma. M\u00f4\u017ee obsahova\u0165 stopy orechov a glut\u00e9n.<\/p>\n<p>Vyroben\u00e9 v Taliansku<\/p>\n<p><em>\u010cist\u00e1 hmotnos\u0165:<\/em>\u00a0100 g<\/p>\n<p><em>Inform\u00e1cie pre alergikov:<\/em>\u00a0M\u00f4\u017ee obsahova\u0165 stopy p\u0161eni\u010dn\u00e9ho glut\u00e9nu, vajec, ara\u0161idov a \u010fal\u0161\u00edch orechov.<\/p>\n<p>Skladujte na suchom mieste, chr\u00e1\u0148te pred teplom.<\/p>\n<table border=\"1\">\n<tbody>\n<tr>\n<td colspan=\"2\" align=\"center\"><strong>V\u00fd\u017eivov\u00e9 \u00fadaje na 100 g<\/strong><\/td>\n<\/tr>\n<tr>\n<td>\u00a0energetick\u00e1 hodnota<\/td>\n<td>\u00a02 308 kJ \/ 553 kcal<\/td>\n<\/tr>\n<tr>\n<td>\u00a0tuky<\/td>\n<td>\u00a033,3 g<\/td>\n<\/tr>\n<tr>\n<td>\u00a0z toho nasycen\u00fdch<\/td>\n<td>\u00a018,6 g<\/td>\n<\/tr>\n<tr>\n<td>\u00a0sacharidy<\/td>\n<td>\u00a056,7 g<\/td>\n<\/tr>\n<tr>\n<td>\u00a0z toho cukry<\/td>\n<td>\u00a054,5 g<\/td>\n<\/tr>\n<tr>\n<td>\u00a0b\u00edlkoviny<\/td>\n<td>\u00a04,8 g<\/td>\n<\/tr>\n<tr>\n<td>\u00a0s\u016fl<\/td>\n<td>\u00a00,52 g<\/td>\n<\/tr>\n<\/tbody>\n<\/table>\n","protected":false},"featured_media":661,"comment_status":"open","ping_status":"closed","template":"","meta":{"ub_ctt_via":"","site-sidebar-layout":"default","site-content-layout":"","ast-site-content-layout":"default","site-content-style":"default","site-sidebar-style":"default","ast-global-header-display":"","ast-banner-title-visibility":"","ast-main-header-display":"","ast-hfb-above-header-display":"","ast-hfb-below-header-display":"","ast-hfb-mobile-header-display":"","site-post-title":"","ast-breadcrumbs-content":"","ast-featured-img":"","footer-sml-layout":"","theme-transparent-header-meta":"default","adv-header-id-meta":"","stick-header-meta":"","header-above-stick-meta":"","header-main-stick-meta":"","header-below-stick-meta":"","astra-migrate-meta-layouts":"set","ast-page-background-enabled":"default","ast-page-background-meta":{"desktop":{"background-color":"var(--ast-global-color-4)","background-image":"","background-repeat":"repeat","background-position":"center center","background-size":"auto","background-attachment":"scroll","background-type":"","background-media":"","overlay-type":"","overlay-color":"","overlay-gradient":""},"tablet":{"background-color":"","background-image":"","background-repeat":"repeat","background-position":"center center","background-size":"auto","background-attachment":"scroll","background-type":"","background-media":"","overlay-type":"","overlay-color":"","overlay-gradient":""},"mobile":{"background-color":"","background-image":"","background-repeat":"repeat","background-position":"center center","background-size":"auto","background-attachment":"scroll","background-type":"","background-media":"","overlay-type":"","overlay-color":"","overlay-gradient":""}},"ast-content-background-meta":{"desktop":{"background-color":"var(--ast-global-color-5)","background-image":"","background-repeat":"repeat","background-position":"center center","background-size":"auto","background-attachment":"scroll","background-type":"","background-media":"","overlay-type":"","overlay-color":"","overlay-gradient":""},"tablet":{"background-color":"var(--ast-global-color-5)","background-image":"","background-repeat":"repeat","background-position":"center center","background-size":"auto","background-attachment":"scroll","background-type":"","background-media":"","overlay-type":"","overlay-color":"","overlay-gradient":""},"mobile":{"background-color":"var(--ast-global-color-5)","background-image":"","background-repeat":"repeat","background-position":"center center","background-size":"auto","background-attachment":"scroll","background-type":"","background-media":"","overlay-type":"","overlay-color":"","overlay-gradient":""}}},"product_cat":[21],"product_tag":[],"class_list":{"0":"post-660","1":"product","2":"type-product","3":"status-publish","4":"has-post-thumbnail","6":"product_cat-doplnkovy-tovar","7":"desktop-align-left","8":"tablet-align-left","9":"mobile-align-left","11":"first","12":"instock","13":"shipping-taxable","14":"purchasable","15":"product-type-simple"},"aioseo_notices":[],"_links":{"self":[{"href":"https:\/\/www.kvety-maja.sk\/index.php?rest_route=\/wp\/v2\/product\/660","targetHints":{"allow":["GET"]}}],"collection":[{"href":"https:\/\/www.kvety-maja.sk\/index.php?rest_route=\/wp\/v2\/product"}],"about":[{"href":"https:\/\/www.kvety-maja.sk\/index.php?rest_route=\/wp\/v2\/types\/product"}],"replies":[{"embeddable":true,"href":"https:\/\/www.kvety-maja.sk\/index.php?rest_route=%2Fwp%2Fv2%2Fcomments&post=660"}],"wp:featuredmedia":[{"embeddable":true,"href":"https:\/\/www.kvety-maja.sk\/index.php?rest_route=\/wp\/v2\/media\/661"}],"wp:attachment":[{"href":"https:\/\/www.kvety-maja.sk\/index.php?rest_route=%2Fwp%2Fv2%2Fmedia&parent=660"}],"wp:term":[{"taxonomy":"product_cat","embeddable":true,"href":"https:\/\/www.kvety-maja.sk\/index.php?rest_route=%2Fwp%2Fv2%2Fproduct_cat&post=660"},{"taxonomy":"product_tag","embeddable":true,"href":"https:\/\/www.kvety-maja.sk\/index.php?rest_route=%2Fwp%2Fv2%2Fproduct_tag&post=660"}],"curies":[{"name":"wp","href":"https:\/\/api.w.org\/{rel}","templated":true}]}}