{"id":692,"date":"2026-04-18T15:31:45","date_gmt":"2026-04-18T13:31:45","guid":{"rendered":"https:\/\/www.kvety-maja.sk\/?post_type=product&#038;p=692"},"modified":"2026-04-18T15:31:45","modified_gmt":"2026-04-18T13:31:45","slug":"kytica-danka","status":"publish","type":"product","link":"https:\/\/www.kvety-maja.sk\/?product=kytica-danka","title":{"rendered":"kytica Danka"},"content":{"rendered":"<p>\u017dlt\u00e1 farba slne\u010dn\u00edc vyvol\u00e1va pocity radosti a optimizmu. Je to ide\u00e1lny dar\u010dek na rozjasnenie d\u0148a alebo ako povzbudenie .<\/p>\n<p>Farba slne\u010dn\u00edc dok\u00e1zate\u013ene podnecuje pocity \u0161\u0165astia a optimizmu. Je to najr\u00fdchlej\u0161\u00ed sp\u00f4sob, ako roz\u017eiari\u0165 miestnos\u0165 alebo niekomu zlep\u0161i\u0165 de\u0148, bez oh\u013eadu na po\u010dasie vonku.<\/p>\n","protected":false},"excerpt":{"rendered":"<div class=\"Y3BBE\" data-sfc-cp=\"\" data-sfc-root=\"c\" data-sfc-cb=\"\" data-hveid=\"CAEIBRAA\" data-complete=\"true\" data-processed=\"true\"><span data-subtree=\"aimfl\" data-processed=\"true\">Kytica na obr\u00e1zku je zlo\u017een\u00e1 z nieko\u013ek\u00fdch druhov kvetov, ktor\u00e9 vytv\u00e1raj\u00fa \u017eiariv\u00fd a svie\u017ei aran\u017em\u00e1n v \u017elto-bielych t\u00f3noch. Medzi hlavn\u00e9 zlo\u017eky patria:<\/span><button class=\"rBl3me\" tabindex=\"0\" data-amic=\"true\" data-icl-uuid=\"81262d78-3b3d-46bb-8a02-f06aacec293d\" aria-label=\"Zobrazi\u0165 s\u00favisiace odkazy\" data-wiz-attrbind=\"disabled=tmM8ud_s\/C5gNJc;aria-label=tmM8ud_s\/bOjMyf;class=tmM8ud_s\/UpSNec\" data-ved=\"2ahUKEwjzkIP6v_eTAxWsgP0HHY-0KQYQye0OegYIAQgFEAE\" data-hveid=\"CAEIBRAB\"><\/button><\/div>\n<ul class=\"KsbFXc U6u95\" data-sfc-root=\"c\" data-sfc-cb=\"\" data-complete=\"true\" data-processed=\"true\">\n<li class=\"dF3vjf\" data-sfc-root=\"c\" data-sfc-cb=\"\" data-hveid=\"CAEIBhAA\" data-complete=\"true\" data-sae=\"\"><span class=\"T286Pc\" data-sfc-cp=\"\" data-sfc-root=\"c\" data-sfc-cb=\"\" data-complete=\"true\"><strong class=\"Yjhzub\" data-sfc-root=\"c\" data-sfc-cb=\"\" data-complete=\"true\">Slne\u010dnice (Helianthus annuus):<\/strong>\u00a0Dominantn\u00e9 ve\u013ek\u00e9 \u017elt\u00e9 kvety s tmav\u00fdmi stredmi.<\/span><\/li>\n<li class=\"dF3vjf\" data-sfc-root=\"c\" data-sfc-cb=\"\" data-hveid=\"CAEIBhAB\" data-complete=\"true\" data-sae=\"\"><span class=\"T286Pc\" data-sfc-cp=\"\" data-sfc-root=\"c\" data-sfc-cb=\"\" data-complete=\"true\"><strong class=\"Yjhzub\" data-sfc-root=\"c\" data-sfc-cb=\"\" data-complete=\"true\">Eustoma (Lisianthus):<\/strong>\u00a0Biele kvety s jemn\u00fdmi, vrstven\u00fdmi okvetn\u00fdmi l\u00edstkami, ktor\u00e9 pripom\u00ednaj\u00fa ru\u017ee bez t\u0155\u0148ov.<\/span><\/li>\n<li class=\"dF3vjf\" data-sfc-root=\"c\" data-sfc-cb=\"\" data-hveid=\"CAEIBhAC\" data-complete=\"true\" data-sae=\"\"><span class=\"T286Pc\" data-sfc-cp=\"\" data-sfc-root=\"c\" data-sfc-cb=\"\" data-complete=\"true\" aria-owns=\"action-menu-parent-container\"><strong class=\"Yjhzub\" data-sfc-root=\"c\" data-sfc-cb=\"\" data-complete=\"true\">Margar\u00e9tky alebo Chryzant\u00e9movky:<\/strong>\u00a0Men\u0161ie biele kvety so \u017elt\u00fdmi stredmi, pravdepodobne ide o odrody ako\u00a0<strong class=\"Yjhzub\" data-sfc-root=\"c\" data-sfc-cb=\"\" data-complete=\"true\">Chrysanthemum &#8218;Sun Up&#8216;.<\/strong><\/span><\/li>\n<\/ul>\n","protected":false},"featured_media":693,"comment_status":"open","ping_status":"closed","template":"","meta":{"ub_ctt_via":"","site-sidebar-layout":"default","site-content-layout":"","ast-site-content-layout":"default","site-content-style":"default","site-sidebar-style":"default","ast-global-header-display":"","ast-banner-title-visibility":"","ast-main-header-display":"","ast-hfb-above-header-display":"","ast-hfb-below-header-display":"","ast-hfb-mobile-header-display":"","site-post-title":"","ast-breadcrumbs-content":"","ast-featured-img":"","footer-sml-layout":"","theme-transparent-header-meta":"default","adv-header-id-meta":"","stick-header-meta":"","header-above-stick-meta":"","header-main-stick-meta":"","header-below-stick-meta":"","astra-migrate-meta-layouts":"set","ast-page-background-enabled":"default","ast-page-background-meta":{"desktop":{"background-color":"var(--ast-global-color-4)","background-image":"","background-repeat":"repeat","background-position":"center center","background-size":"auto","background-attachment":"scroll","background-type":"","background-media":"","overlay-type":"","overlay-color":"","overlay-gradient":""},"tablet":{"background-color":"","background-image":"","background-repeat":"repeat","background-position":"center center","background-size":"auto","background-attachment":"scroll","background-type":"","background-media":"","overlay-type":"","overlay-color":"","overlay-gradient":""},"mobile":{"background-color":"","background-image":"","background-repeat":"repeat","background-position":"center center","background-size":"auto","background-attachment":"scroll","background-type":"","background-media":"","overlay-type":"","overlay-color":"","overlay-gradient":""}},"ast-content-background-meta":{"desktop":{"background-color":"var(--ast-global-color-5)","background-image":"","background-repeat":"repeat","background-position":"center center","background-size":"auto","background-attachment":"scroll","background-type":"","background-media":"","overlay-type":"","overlay-color":"","overlay-gradient":""},"tablet":{"background-color":"var(--ast-global-color-5)","background-image":"","background-repeat":"repeat","background-position":"center center","background-size":"auto","background-attachment":"scroll","background-type":"","background-media":"","overlay-type":"","overlay-color":"","overlay-gradient":""},"mobile":{"background-color":"var(--ast-global-color-5)","background-image":"","background-repeat":"repeat","background-position":"center center","background-size":"auto","background-attachment":"scroll","background-type":"","background-media":"","overlay-type":"","overlay-color":"","overlay-gradient":""}}},"product_cat":[18],"product_tag":[],"class_list":{"0":"post-692","1":"product","2":"type-product","3":"status-publish","4":"has-post-thumbnail","6":"product_cat-gratulacne-kytice","7":"desktop-align-left","8":"tablet-align-left","9":"mobile-align-left","11":"first","12":"instock","13":"shipping-taxable","14":"purchasable","15":"product-type-simple"},"aioseo_notices":[],"_links":{"self":[{"href":"https:\/\/www.kvety-maja.sk\/index.php?rest_route=\/wp\/v2\/product\/692","targetHints":{"allow":["GET"]}}],"collection":[{"href":"https:\/\/www.kvety-maja.sk\/index.php?rest_route=\/wp\/v2\/product"}],"about":[{"href":"https:\/\/www.kvety-maja.sk\/index.php?rest_route=\/wp\/v2\/types\/product"}],"replies":[{"embeddable":true,"href":"https:\/\/www.kvety-maja.sk\/index.php?rest_route=%2Fwp%2Fv2%2Fcomments&post=692"}],"wp:featuredmedia":[{"embeddable":true,"href":"https:\/\/www.kvety-maja.sk\/index.php?rest_route=\/wp\/v2\/media\/693"}],"wp:attachment":[{"href":"https:\/\/www.kvety-maja.sk\/index.php?rest_route=%2Fwp%2Fv2%2Fmedia&parent=692"}],"wp:term":[{"taxonomy":"product_cat","embeddable":true,"href":"https:\/\/www.kvety-maja.sk\/index.php?rest_route=%2Fwp%2Fv2%2Fproduct_cat&post=692"},{"taxonomy":"product_tag","embeddable":true,"href":"https:\/\/www.kvety-maja.sk\/index.php?rest_route=%2Fwp%2Fv2%2Fproduct_tag&post=692"}],"curies":[{"name":"wp","href":"https:\/\/api.w.org\/{rel}","templated":true}]}}